{"id":15,"date":"2026-02-06T15:14:14","date_gmt":"2026-02-06T15:14:14","guid":{"rendered":"https:\/\/badovinac-odvjetnica.hr\/?page_id=15"},"modified":"2026-02-07T10:21:39","modified_gmt":"2026-02-07T10:21:39","slug":"vise-o-meni","status":"publish","type":"page","link":"https:\/\/badovinac-odvjetnica.hr\/index.php\/vise-o-meni\/","title":{"rendered":"Vi\u0161e o meni"},"content":{"rendered":"\t\t<div data-elementor-type=\"wp-page\" data-elementor-id=\"15\" class=\"elementor elementor-15\" data-elementor-post-type=\"page\">\n\t\t\t\t<div class=\"elementor-element elementor-element-12d0084 e-flex e-con-boxed e-con e-parent\" data-id=\"12d0084\" data-element_type=\"container\" data-e-type=\"container\" data-settings=\"{&quot;background_background&quot;:&quot;gradient&quot;,&quot;wcf_enable_cursor_hover_effect_text&quot;:&quot;View&quot;,&quot;wcf-animation&quot;:&quot;none&quot;,&quot;aae_enable_header_sticky_area&quot;:&quot;no&quot;,&quot;wcf_enable_horizontal_scroll&quot;:&quot;no&quot;}\">\n\t\t\t\t\t<div class=\"e-con-inner\">\n\t\t<div class=\"elementor-element elementor-element-143b5fb e-con-full e-flex e-con e-child\" data-id=\"143b5fb\" data-element_type=\"container\" data-e-type=\"container\" data-settings=\"{&quot;wcf_enable_cursor_hover_effect_text&quot;:&quot;View&quot;,&quot;wcf-animation&quot;:&quot;none&quot;,&quot;aae_enable_header_sticky_area&quot;:&quot;no&quot;,&quot;wcf_enable_horizontal_scroll&quot;:&quot;no&quot;}\">\n\t\t\t\t<div class=\"elementor-element elementor-element-cad6749 wcf-t-animation-none elementor-widget elementor-widget-heading\" data-id=\"cad6749\" data-element_type=\"widget\" data-e-type=\"widget\" data-settings=\"{&quot;wcf_text_animation&quot;:&quot;none&quot;,&quot;wcf-animation&quot;:&quot;none&quot;}\" data-widget_type=\"heading.default\">\n\t\t\t\t\t<span class=\"elementor-heading-title elementor-size-default\">VI\u0160E O MENI<\/span>\t\t\t\t<\/div>\n\t\t\t\t<div class=\"elementor-element elementor-element-10d1b7f wcf-t-animation-none elementor-widget elementor-widget-heading\" data-id=\"10d1b7f\" data-element_type=\"widget\" data-e-type=\"widget\" data-settings=\"{&quot;wcf_text_animation&quot;:&quot;none&quot;,&quot;wcf-animation&quot;:&quot;none&quot;}\" data-widget_type=\"heading.default\">\n\t\t\t\t\t<h2 class=\"elementor-heading-title elementor-size-default\">Od malih nogu \u017eelja mi je bila upisati pravni fakultet po zavr\u0161enoj ekonomskoj \u0161koli, \u0161to sam i ostvarila.<\/h2>\t\t\t\t<\/div>\n\t\t\t\t<div class=\"elementor-element elementor-element-15b8938 elementor-drop-cap-yes wcf-t-animation-none elementor-drop-cap-view-default elementor-widget elementor-widget-text-editor\" data-id=\"15b8938\" data-element_type=\"widget\" data-e-type=\"widget\" data-settings=\"{&quot;drop_cap&quot;:&quot;yes&quot;,&quot;wcf_text_animation&quot;:&quot;none&quot;,&quot;wcf-animation&quot;:&quot;none&quot;}\" data-widget_type=\"text-editor.default\">\n\t\t\t\t\t\t\t\t\t<p>\u017deljela sam se boriti za pravdu i ispravljati nepravdu. Po zavr\u0161enom fakultetu iskustvo sam stjecala na sudu kao vje\u017ebenik da bi 2011.godine otvorila odvjetni\u010dki ured i od tada sam samostalni odvjetnik. Odvjetni\u0161tvo za mene nije samo zakoni i propisi ve\u0107 pomo\u0107 ljudima koji sami ne znaju tuma\u010diti zakone i propise kao i pomo\u0107 u ostvarenju njihovih realnih \u017eelja i ciljeva, brzo i efikasno uz minimalne tro\u0161kove. Imam dugogodi\u0161nje iskustvo u zastupanju pravnih i fizi\u010dkih osoba. Moj odvjetni\u010dki ured se je prvotno zvao Frlan do 2023.godine kada sam se ostvarila u ulozi supruge i majke i onda je promjenom mog prezimena postao Badovinac. U svojoj dosada\u0161njoj karijeri ostvarivala sam ciljeve svojih stranaka na raznim podru\u010djima prava uz upotrebu kreativnosti i domi\u0161ljatosti unutar zakonskih okvira. Uz ured u Zagrebu nedavno sam otvorila i pisarnicu u Karlovcu. Kao odvjetnik nudim vam profesionalnost i individualan pristup, stoga mi se slobodno obratite sa punim povjerenjem.<\/p>\t\t\t\t\t\t\t\t<\/div>\n\t\t\t\t<\/div>\n\t\t<div class=\"elementor-element elementor-element-f435ef6 e-con-full e-flex e-con e-child\" data-id=\"f435ef6\" data-element_type=\"container\" data-e-type=\"container\" data-settings=\"{&quot;wcf_enable_cursor_hover_effect_text&quot;:&quot;View&quot;,&quot;wcf-animation&quot;:&quot;none&quot;,&quot;aae_enable_header_sticky_area&quot;:&quot;no&quot;,&quot;wcf_enable_horizontal_scroll&quot;:&quot;no&quot;}\">\n\t\t\t\t<div class=\"elementor-element elementor-element-ceec88b elementor-widget elementor-widget-image\" data-id=\"ceec88b\" data-element_type=\"widget\" data-e-type=\"widget\" data-settings=\"{&quot;wcf-image-animation&quot;:&quot;none&quot;,&quot;wcf-animation&quot;:&quot;none&quot;}\" data-widget_type=\"image.default\">\n\t\t\t\t\t\t\t\t\t\t\t\t\t\t\t<img fetchpriority=\"high\" decoding=\"async\" width=\"1024\" height=\"682\" src=\"https:\/\/badovinac-odvjetnica.hr\/wp-content\/uploads\/2026\/02\/2151202429-1024x682.jpg\" class=\"attachment-large size-large wp-image-48\" alt=\"\" srcset=\"https:\/\/badovinac-odvjetnica.hr\/wp-content\/uploads\/2026\/02\/2151202429-1024x682.jpg 1024w, https:\/\/badovinac-odvjetnica.hr\/wp-content\/uploads\/2026\/02\/2151202429-300x200.jpg 300w, https:\/\/badovinac-odvjetnica.hr\/wp-content\/uploads\/2026\/02\/2151202429-768x512.jpg 768w, https:\/\/badovinac-odvjetnica.hr\/wp-content\/uploads\/2026\/02\/2151202429-1536x1024.jpg 1536w, https:\/\/badovinac-odvjetnica.hr\/wp-content\/uploads\/2026\/02\/2151202429.jpg 2000w\" sizes=\"(max-width: 1024px) 100vw, 1024px\" \/>\t\t\t\t\t\t\t\t\t\t\t\t\t\t\t<\/div>\n\t\t\t\t<div class=\"elementor-element elementor-element-3c351e4 elementor-position-inline-start elementor-widget__width-auto elementor-absolute elementor-mobile-position-inline-start elementor-widget-mobile__width-initial elementor-view-default elementor-widget elementor-widget-icon-box\" data-id=\"3c351e4\" data-element_type=\"widget\" data-e-type=\"widget\" data-settings=\"{&quot;_position&quot;:&quot;absolute&quot;,&quot;wcf-animation&quot;:&quot;none&quot;}\" data-widget_type=\"icon-box.default\">\n\t\t\t\t\t\t\t<div class=\"elementor-icon-box-wrapper\">\n\n\t\t\t\t\t\t<div class=\"elementor-icon-box-icon\">\n\t\t\t\t<span  class=\"elementor-icon\">\n\t\t\t\t<svg xmlns=\"http:\/\/www.w3.org\/2000\/svg\" id=\"Outline\" viewBox=\"0 0 32 32\"><g fill-rule=\"evenodd\"><path d=\"m27.746582 15.5068359c-.2719727.0458984-.4555664.3037109-.409668.5761719.1083984.640625.1630859 1.2851562.1630859 1.9169922 0 3.524231-1.5708008 6.7053223-4.1016846 8.8234253-.4420166-2.8699341-2.4796143-5.1717529-5.1853638-5.9954834 1.0757446-.7175903 1.7870483-1.9402466 1.7870483-3.3279419 0-2.2060547-1.7944336-4-4-4s-4 1.7939453-4 4c0 1.3876953.7113037 2.6103516 1.7870483 3.3279419-2.7057495.8237305-4.7433472 3.1255493-5.1853638 5.9954834-2.5308838-2.118103-4.1016846-5.2991943-4.1016846-8.8234253 0-.6318359.0546875-1.2763672.1630859-1.9169922.0458984-.2724609-.1376953-.5302734-.409668-.5761719-.2783203-.046875-.5302734.1376953-.5766602.4101562-.1171875.6943359-.1767578 1.3955078-.1767578 2.0830078 0 6.140625 4.3857422 11.3232422 10.4282227 12.3232422.0273438.0048828.0551758.0068359.0820312.0068359.2402344 0 .4521484-.1738281.4926758-.4179688.0454102-.2724609-.1391602-.5302734-.4116211-.5751953-1.6848755-.2788696-3.2262573-.9158936-4.5610962-1.819519.2412109-3.3931885 3.0299072-6.017395 6.4697876-6.017395s6.2285767 2.6242065 6.4697876 6.017395c-1.3348389.9036255-2.8762207 1.5406494-4.5610962 1.819519-.2724609.0449219-.4570312.3027344-.4116211.5751953.0405273.2441406.2524414.4179688.4926758.4179688.0268555 0 .0546875-.0019531.0820312-.0068359 6.0424805-1 10.4282227-6.1826172 10.4282227-12.3232422 0-.6875-.0595703-1.3886719-.1767578-2.0830078-.0463867-.2724609-.3012695-.4580078-.5766602-.4101562zm-14.746582 1.9931641c0-1.6542969 1.3457031-3 3-3s3 1.3457031 3 3-1.3457031 3-3 3-3-1.3457031-3-3z\"><\/path><path d=\"m21.4755859 5.4785156c-.059082-.1816406-.215332-.3134766-.4038086-.3408203l-3.1948242-.4638672-1.4287109-2.8955078c-.1679688-.3398438-.7285156-.3398438-.8964844 0l-1.4287109 2.8955078-3.1948242.4638672c-.1884766.0273438-.3447266.1591797-.4038086.3408203-.0585938.1806641-.0097656.3798828.1264648.5126953l2.3120117 2.2529297-.5458984 3.1816406c-.0322266.1884766.0449219.3779297.1987305.4892578.1547852.1123047.3583984.1289062.5268555.0380859l2.8574219-1.5029297 2.8574219 1.5029297c.0732422.0390625.1533203.0576172.2329102.0576172.1035156 0 .206543-.0322266.2939453-.0957031.1538086-.1113281.230957-.3007812.1987305-.4892578l-.5458984-3.1816406 2.3120117-2.2529297c.1362305-.1328125.1850586-.3320312.1264648-.5126953zm-3.324707 2.2324219c-.1176758.1152344-.1713867.2802734-.1435547.4433594l.4189453 2.4423828-2.1933594-1.1533203c-.0732422-.0380859-.152832-.0576172-.2329102-.0576172s-.159668.0195312-.2329102.0576172l-2.1933594 1.1533203.4189453-2.4423828c.027832-.1630859-.0258789-.328125-.1435547-.4433594l-1.7744141-1.7285156 2.4521484-.3564453c.1630859-.0244141.3037109-.1259766.3764648-.2734375l1.0966797-2.2226562 1.0966797 2.2226562c.0727539.1474609.2133789.2490234.3764648.2734375l2.4521484.3564453-1.7744141 1.7285156z\"><\/path><path d=\"m4.0351562 13.5234375c-.0322266.1884766.0449219.3779297.1987305.4892578.1552734.1123047.359375.1279297.5268555.0380859l2.2392578-1.1777344 2.2392578 1.1777344c.0732422.0390625.1533203.0576172.2329102.0576172.1035156 0 .206543-.0322266.2939453-.0957031.1538086-.1113281.230957-.3007812.1987305-.4892578l-.4277344-2.4931641 1.8120117-1.765625c.1362305-.1328125.1850586-.3320312.1264648-.5126953-.059082-.1816406-.215332-.3134766-.4038086-.3408203l-2.5039062-.3632812-1.1196289-2.2695312c-.1679688-.3398438-.7285156-.3398438-.8964844 0l-1.1196289 2.2695312-2.5039062.3632812c-.1884766.0273438-.3447266.1591797-.4038086.3408203-.0585938.1806641-.0097656.3798828.1264648.5126953l1.8120117 1.765625zm.0395508-4.2675781 1.7612305-.2558594c.1630859-.0244141.3037109-.1259766.3764648-.2734375l.7875977-1.5966797.7875977 1.5966797c.0727539.1474609.2133789.2490234.3764648.2734375l1.7612305.2558594-1.2744141 1.2412109c-.1176758.1152344-.1713867.2802734-.1435547.4433594l.3007812 1.7539062-1.5751953-.828125c-.0732422-.0380859-.152832-.0576172-.2329102-.0576172s-.159668.0195312-.2329102.0576172l-1.5751953.828125.3007812-1.7539062c.027832-.1630859-.0258789-.328125-.1435547-.4433594l-1.2744141-1.2412109z\"><\/path><path d=\"m29.0717773 8.4111328-2.5039062-.3632812-1.1196289-2.2695312c-.1679688-.3398438-.7285156-.3398438-.8964844 0l-1.1196289 2.2695312-2.5039062.3632812c-.1884766.0273438-.3447266.1591797-.4038086.3408203-.0585938.1806641-.0097656.3798828.1264648.5126953l1.8120117 1.765625-.4277344 2.4931641c-.0322266.1884766.0449219.3779297.1987305.4892578.1547852.1123047.3583984.1279297.5268555.0380859l2.2392578-1.1777344 2.2392578 1.1777344c.0732422.0390625.1533203.0576172.2329102.0576172.1035156 0 .206543-.0322266.2939453-.0957031.1538086-.1113281.230957-.3007812.1987305-.4892578l-.4277344-2.4931641 1.8120117-1.765625c.1362305-.1328125.1850586-.3320312.1264648-.5126953-.059082-.1816406-.215332-.3134766-.4038086-.3408203zm-2.4208984 2.0859375c-.1176758.1152344-.1713867.2802734-.1435547.4433594l.3007812 1.7539062-1.5751953-.828125c-.0732422-.0380859-.152832-.0576172-.2329102-.0576172s-.159668.0195312-.2329102.0576172l-1.5751953.828125.3007812-1.7539062c.027832-.1630859-.0258789-.328125-.1435547-.4433594l-1.2744141-1.2412109 1.7612305-.2558594c.1630859-.0244141.3037109-.1259766.3764648-.2734375l.7875977-1.5966797.7875977 1.5966797c.0727539.1474609.2133789.2490234.3764648.2734375l1.7612305.2558594-1.2744141 1.2412109z\"><\/path><\/g><circle cx=\"16\" cy=\"30\" r=\".5\"><\/circle><\/svg>\t\t\t\t<\/span>\n\t\t\t<\/div>\n\t\t\t\n\t\t\t\t\t\t<div class=\"elementor-icon-box-content\">\n\n\t\t\t\t\t\t\t\t\t<div class=\"elementor-icon-box-title\">\n\t\t\t\t\t\t<span  >\n\t\t\t\t\t\t\t15+ godina iskustva\t\t\t\t\t\t<\/span>\n\t\t\t\t\t<\/div>\n\t\t\t\t\n\t\t\t\t\t\t\t\t\t<p class=\"elementor-icon-box-description\">\n\t\t\t\t\t\tIskustvo koje donosi sigurnost\t\t\t\t\t<\/p>\n\t\t\t\t\n\t\t\t<\/div>\n\t\t\t\n\t\t<\/div>\n\t\t\t\t\t\t<\/div>\n\t\t\t\t<\/div>\n\t\t\t\t\t<\/div>\n\t\t\t\t<\/div>\n\t\t<div class=\"elementor-element elementor-element-e9e2b48 e-flex e-con-boxed e-con e-parent\" data-id=\"e9e2b48\" data-element_type=\"container\" data-e-type=\"container\" data-settings=\"{&quot;background_background&quot;:&quot;classic&quot;,&quot;wcf_enable_cursor_hover_effect_text&quot;:&quot;View&quot;,&quot;wcf-animation&quot;:&quot;none&quot;,&quot;aae_enable_header_sticky_area&quot;:&quot;no&quot;,&quot;wcf_enable_horizontal_scroll&quot;:&quot;no&quot;}\">\n\t\t\t\t\t<div class=\"e-con-inner\">\n\t\t\t\t<div class=\"elementor-element elementor-element-484ecff wcf-t-animation-none elementor-widget elementor-widget-heading\" data-id=\"484ecff\" data-element_type=\"widget\" data-e-type=\"widget\" data-settings=\"{&quot;wcf_text_animation&quot;:&quot;none&quot;,&quot;wcf-animation&quot;:&quot;none&quot;}\" data-widget_type=\"heading.default\">\n\t\t\t\t\t<span class=\"elementor-heading-title elementor-size-default\">po\u010deci<\/span>\t\t\t\t<\/div>\n\t\t\t\t<div class=\"elementor-element elementor-element-c9d937b wcf-t-animation-none elementor-widget elementor-widget-heading\" data-id=\"c9d937b\" data-element_type=\"widget\" data-e-type=\"widget\" data-settings=\"{&quot;wcf_text_animation&quot;:&quot;none&quot;,&quot;wcf-animation&quot;:&quot;none&quot;}\" data-widget_type=\"heading.default\">\n\t\t\t\t\t<h2 class=\"elementor-heading-title elementor-size-default\">Po\u010detak profesionalnog puta<\/h2>\t\t\t\t<\/div>\n\t\t\t\t<div class=\"elementor-element elementor-element-0ea7b4d wcf-t-animation-none elementor-widget elementor-widget-text-editor\" data-id=\"0ea7b4d\" data-element_type=\"widget\" data-e-type=\"widget\" data-settings=\"{&quot;wcf_text_animation&quot;:&quot;none&quot;,&quot;wcf-animation&quot;:&quot;none&quot;}\" data-widget_type=\"text-editor.default\">\n\t\t\t\t\t\t\t\t\t<p data-start=\"195\" data-end=\"588\">Od malih nogu imala sam jasnu \u017eelju upisati Pravni fakultet nakon zavr\u0161ene ekonomske \u0161kole, \u0161to sam s predano\u0161\u0107u i ostvarila. Jo\u0161 tada me vodila sna\u017ena potreba za borbom za pravdu, ali i \u017eelja da aktivno sudjelujem u ispravljanju nepravdi s kojima se ljudi svakodnevno susre\u0107u. Pravo sam do\u017eivljavala kao alat koji mo\u017ee donijeti ravnote\u017eu, sigurnost i rje\u0161enja u slo\u017eenim \u017eivotnim situacijama.<\/p><p data-start=\"590\" data-end=\"889\">Nakon zavr\u0161etka Pravnog fakulteta, svoje sam prvo profesionalno iskustvo stjecala na sudu rade\u0107i kao sudski vje\u017ebenik. To razdoblje omogu\u0107ilo mi je duboko razumijevanje sudske prakse, postupaka i stvarnog funkcioniranja pravnog sustava, \u0161to je postavilo \u010dvrste temelje za moj daljnji samostalni rad.<\/p>\t\t\t\t\t\t\t\t<\/div>\n\t\t\t\t\t<\/div>\n\t\t\t\t<\/div>\n\t\t<div class=\"elementor-element elementor-element-582cef9 e-flex e-con-boxed e-con e-parent\" data-id=\"582cef9\" data-element_type=\"container\" data-e-type=\"container\" data-settings=\"{&quot;wcf_enable_cursor_hover_effect_text&quot;:&quot;View&quot;,&quot;wcf-animation&quot;:&quot;none&quot;,&quot;aae_enable_header_sticky_area&quot;:&quot;no&quot;,&quot;wcf_enable_horizontal_scroll&quot;:&quot;no&quot;}\">\n\t\t\t\t\t<div class=\"e-con-inner\">\n\t\t<div class=\"elementor-element elementor-element-4e2ac45 e-con-full e-flex e-con e-child\" data-id=\"4e2ac45\" data-element_type=\"container\" data-e-type=\"container\" data-settings=\"{&quot;wcf_enable_cursor_hover_effect_text&quot;:&quot;View&quot;,&quot;wcf-animation&quot;:&quot;none&quot;,&quot;aae_enable_header_sticky_area&quot;:&quot;no&quot;,&quot;wcf_enable_horizontal_scroll&quot;:&quot;no&quot;}\">\n\t\t\t\t<div class=\"elementor-element elementor-element-7004cb9 wcf-t-animation-none elementor-widget elementor-widget-heading\" data-id=\"7004cb9\" data-element_type=\"widget\" data-e-type=\"widget\" data-settings=\"{&quot;wcf_text_animation&quot;:&quot;none&quot;,&quot;wcf-animation&quot;:&quot;none&quot;}\" data-widget_type=\"heading.default\">\n\t\t\t\t\t<h2 class=\"elementor-heading-title elementor-size-default\">Osnivanje odvjetni\u010dkog ureda i samostalna praksa<\/h2>\t\t\t\t<\/div>\n\t\t\t\t<div class=\"elementor-element elementor-element-f51afb7 wcf-t-animation-none elementor-widget elementor-widget-text-editor\" data-id=\"f51afb7\" data-element_type=\"widget\" data-e-type=\"widget\" data-settings=\"{&quot;wcf_text_animation&quot;:&quot;none&quot;,&quot;wcf-animation&quot;:&quot;none&quot;}\" data-widget_type=\"text-editor.default\">\n\t\t\t\t\t\t\t\t\t<p data-start=\"950\" data-end=\"1325\">Godine 2011. otvorila sam vlastiti odvjetni\u010dki ured te od tada djelujem kao samostalni odvjetnik. Odvjetni\u0161tvo za mene nikada nije bilo isklju\u010divo tuma\u010denje zakona i propisa, ve\u0107 prvenstveno rad s ljudima. Moj je cilj pomo\u0107i strankama da razumiju svoja prava i obveze, ali i prona\u0107i pravno u\u010dinkovita rje\u0161enja koja odgovaraju njihovim stvarnim potrebama i \u017eivotnim ciljevima.<\/p><p data-start=\"1327\" data-end=\"1618\">U svom radu nastojim djelovati brzo, efikasno i racionalno, uz minimalne tro\u0161kove za stranku, bez kompromisa po pitanju kvalitete i zakonitosti. Dugogodi\u0161nje iskustvo u zastupanju pravnih i fizi\u010dkih osoba omogu\u0107ilo mi je \u0161iroku perspektivu i sigurnost u vo\u0111enju razli\u010ditih pravnih postupaka.<\/p>\t\t\t\t\t\t\t\t<\/div>\n\t\t\t\t<\/div>\n\t\t<div class=\"elementor-element elementor-element-7debc8a e-con-full e-flex e-con e-child\" data-id=\"7debc8a\" data-element_type=\"container\" data-e-type=\"container\" data-settings=\"{&quot;wcf_enable_cursor_hover_effect_text&quot;:&quot;View&quot;,&quot;wcf-animation&quot;:&quot;none&quot;,&quot;aae_enable_header_sticky_area&quot;:&quot;no&quot;,&quot;wcf_enable_horizontal_scroll&quot;:&quot;no&quot;}\">\n\t\t\t\t<div class=\"elementor-element elementor-element-d49359f elementor-widget elementor-widget-image\" data-id=\"d49359f\" data-element_type=\"widget\" data-e-type=\"widget\" data-settings=\"{&quot;wcf-image-animation&quot;:&quot;none&quot;,&quot;wcf-animation&quot;:&quot;none&quot;}\" data-widget_type=\"image.default\">\n\t\t\t\t\t\t\t\t\t\t\t\t\t\t\t<img decoding=\"async\" width=\"1024\" height=\"683\" src=\"https:\/\/badovinac-odvjetnica.hr\/wp-content\/uploads\/2026\/02\/58014-1024x683.jpg\" class=\"attachment-large size-large wp-image-203\" alt=\"\" srcset=\"https:\/\/badovinac-odvjetnica.hr\/wp-content\/uploads\/2026\/02\/58014-1024x683.jpg 1024w, https:\/\/badovinac-odvjetnica.hr\/wp-content\/uploads\/2026\/02\/58014-300x200.jpg 300w, https:\/\/badovinac-odvjetnica.hr\/wp-content\/uploads\/2026\/02\/58014-768x512.jpg 768w, https:\/\/badovinac-odvjetnica.hr\/wp-content\/uploads\/2026\/02\/58014.jpg 1500w\" sizes=\"(max-width: 1024px) 100vw, 1024px\" \/>\t\t\t\t\t\t\t\t\t\t\t\t\t\t\t<\/div>\n\t\t\t\t<\/div>\n\t\t<div class=\"elementor-element elementor-element-3e971f0 e-con-full e-flex e-con e-child\" data-id=\"3e971f0\" data-element_type=\"container\" data-e-type=\"container\" data-settings=\"{&quot;wcf_enable_cursor_hover_effect_text&quot;:&quot;View&quot;,&quot;wcf-animation&quot;:&quot;none&quot;,&quot;aae_enable_header_sticky_area&quot;:&quot;no&quot;,&quot;wcf_enable_horizontal_scroll&quot;:&quot;no&quot;}\">\n\t\t\t\t<div class=\"elementor-element elementor-element-a48d844 wcf-t-animation-none elementor-widget elementor-widget-heading\" data-id=\"a48d844\" data-element_type=\"widget\" data-e-type=\"widget\" data-settings=\"{&quot;wcf_text_animation&quot;:&quot;none&quot;,&quot;wcf-animation&quot;:&quot;none&quot;}\" data-widget_type=\"heading.default\">\n\t\t\t\t\t<h2 class=\"elementor-heading-title elementor-size-default\">Razvoj ureda i profesionalni identitet<\/h2>\t\t\t\t<\/div>\n\t\t\t\t<div class=\"elementor-element elementor-element-c5a89b8 wcf-t-animation-none elementor-widget elementor-widget-text-editor\" data-id=\"c5a89b8\" data-element_type=\"widget\" data-e-type=\"widget\" data-settings=\"{&quot;wcf_text_animation&quot;:&quot;none&quot;,&quot;wcf-animation&quot;:&quot;none&quot;}\" data-widget_type=\"text-editor.default\">\n\t\t\t\t\t\t\t\t\t<p data-start=\"1669\" data-end=\"2033\">Odvjetni\u010dki ured je prvotno djelovao pod nazivom Frlan, sve do 2023. godine. Te je godine, paralelno s osobnim \u017eivotnim promjenama i ostvarenjem u ulozi supruge i majke, do\u0161lo i do promjene prezimena, a time i do promjene naziva u Odvjetni\u010dki ured Badovinac. Promjena imena nije zna\u010dila promjenu vrijednosti, ve\u0107 prirodan nastavak profesionalnog i osobnog razvoja.<\/p><p data-start=\"2035\" data-end=\"2387\">Tijekom svoje karijere uspje\u0161no sam ostvarivala ciljeve svojih stranaka na razli\u010ditim podru\u010djima prava, koriste\u0107i kreativnost, analiti\u010dnost i domi\u0161ljatost, uvijek unutar zakonskih okvira. Smatram da kvalitetno odvjetni\u0161tvo zahtijeva vi\u0161e od pukog poznavanja propisa \u2013 ono tra\u017ei strategiju, razumijevanje konteksta i individualan pristup svakom slu\u010daju.<\/p>\t\t\t\t\t\t\t\t<\/div>\n\t\t\t\t<\/div>\n\t\t\t\t\t<\/div>\n\t\t\t\t<\/div>\n\t\t<div class=\"elementor-element elementor-element-044c970 e-flex e-con-boxed e-con e-parent\" data-id=\"044c970\" data-element_type=\"container\" data-e-type=\"container\" data-settings=\"{&quot;background_background&quot;:&quot;classic&quot;,&quot;wcf_enable_cursor_hover_effect_text&quot;:&quot;View&quot;,&quot;wcf-animation&quot;:&quot;none&quot;,&quot;aae_enable_header_sticky_area&quot;:&quot;no&quot;,&quot;wcf_enable_horizontal_scroll&quot;:&quot;no&quot;}\">\n\t\t\t\t\t<div class=\"e-con-inner\">\n\t\t\t\t<div class=\"elementor-element elementor-element-6f11f15 wcf-t-animation-none elementor-widget elementor-widget-heading\" data-id=\"6f11f15\" data-element_type=\"widget\" data-e-type=\"widget\" data-settings=\"{&quot;wcf_text_animation&quot;:&quot;none&quot;,&quot;wcf-animation&quot;:&quot;none&quot;}\" data-widget_type=\"heading.default\">\n\t\t\t\t\t<h2 class=\"elementor-heading-title elementor-size-default\">Dostupnost i odnos sa strankama<\/h2>\t\t\t\t<\/div>\n\t\t\t\t<div class=\"elementor-element elementor-element-e430d30 elementor-widget__width-initial wcf-t-animation-none elementor-widget elementor-widget-text-editor\" data-id=\"e430d30\" data-element_type=\"widget\" data-e-type=\"widget\" data-settings=\"{&quot;wcf_text_animation&quot;:&quot;none&quot;,&quot;wcf-animation&quot;:&quot;none&quot;}\" data-widget_type=\"text-editor.default\">\n\t\t\t\t\t\t\t\t\t<p data-start=\"2431\" data-end=\"2666\">Uz odvjetni\u010dki ured u Zagrebu, nedavno sam otvorila i pisarnicu u Karlovcu, kako bih svoje usluge u\u010dinila dostupnijima ve\u0107em broju stranaka. Poseban naglasak stavljam na profesionalnost, povjerljivost i osobni odnos sa svakom strankom.<\/p><p data-start=\"2668\" data-end=\"2961\" data-is-last-node=\"\" data-is-only-node=\"\">Ako tra\u017eite odvjetnika koji \u0107e va\u0161 predmet sagledati temeljito, odgovorno i s punom pa\u017enjom, slobodno mi se obratite s povjerenjem. Va\u0161 pravni problem do\u017eivljavam ozbiljno i posve\u0107eno, jer vjerujem da iza svakog predmeta stoji stvarna \u017eivotna situacija koja zaslu\u017euje najbolje mogu\u0107e rje\u0161enje.<\/p>\t\t\t\t\t\t\t\t<\/div>\n\t\t<div class=\"elementor-element elementor-element-1a2ba3c e-con-full e-flex e-con e-child\" data-id=\"1a2ba3c\" data-element_type=\"container\" data-e-type=\"container\" data-settings=\"{&quot;wcf_enable_cursor_hover_effect_text&quot;:&quot;View&quot;,&quot;wcf-animation&quot;:&quot;none&quot;,&quot;aae_enable_header_sticky_area&quot;:&quot;no&quot;,&quot;wcf_enable_horizontal_scroll&quot;:&quot;no&quot;}\">\n\t\t\t\t<div class=\"elementor-element elementor-element-c5b7f94 elementor-widget elementor-widget-aae--advanced-button\" data-id=\"c5b7f94\" data-element_type=\"widget\" data-e-type=\"widget\" data-settings=\"{&quot;wcf-animation&quot;:&quot;none&quot;}\" data-widget_type=\"aae--advanced-button.default\">\n\t\t\t\t<div class=\"elementor-widget-container\">\n\t\t\t\t\t\r\n\t\t<div class=\"aae--btn-pro-wrapper style-4\">\r\n\t\t\t\t\t\t\t<a href=\"https:\/\/badovinac-odvjetnica.hr\/index.php\/kontaktirajte-me\/\" rel=\"nofollow\" class=\"btn-hover aae--btn-pro\">\r\n\t\t\t\t\t<span><\/span>\r\n\t\t\t\t\tKontaktirajte nas\t\t\t\t\t<strong><\/strong>\r\n\t\t\t\t<\/a>\r\n\t\t\t\t\t<\/div>\r\n\t\t\t\t\t\t<\/div>\n\t\t\t\t<\/div>\n\t\t\t\t<div class=\"elementor-element elementor-element-6582979 elementor-widget elementor-widget-aae--advanced-button\" data-id=\"6582979\" data-element_type=\"widget\" data-e-type=\"widget\" data-settings=\"{&quot;wcf-animation&quot;:&quot;none&quot;}\" data-widget_type=\"aae--advanced-button.default\">\n\t\t\t\t<div class=\"elementor-widget-container\">\n\t\t\t\t\t\r\n\t\t<div class=\"aae--btn-pro-wrapper style-4\">\r\n\t\t\t\t\t\t\t<a href=\"https:\/\/badovinac-odvjetnica.hr\/index.php\/usluge\/\" rel=\"nofollow\" class=\"btn-hover aae--btn-pro\">\r\n\t\t\t\t\t<span><\/span>\r\n\t\t\t\t\tPodru\u010dja rada\t\t\t\t\t<strong><\/strong>\r\n\t\t\t\t<\/a>\r\n\t\t\t\t\t<\/div>\r\n\t\t\t\t\t\t<\/div>\n\t\t\t\t<\/div>\n\t\t\t\t<\/div>\n\t\t\t\t\t<\/div>\n\t\t\t\t<\/div>\n\t\t\t\t<\/div>\n\t\t","protected":false},"excerpt":{"rendered":"<p>VI\u0160E O MENI Od malih nogu \u017eelja mi je bila upisati pravni fakultet po zavr\u0161enoj ekonomskoj \u0161koli, \u0161to sam i ostvarila. \u017deljela sam se boriti za pravdu i ispravljati nepravdu. Po zavr\u0161enom fakultetu iskustvo sam stjecala na sudu kao vje\u017ebenik da bi 2011.godine otvorila odvjetni\u010dki ured i od tada sam samostalni odvjetnik. Odvjetni\u0161tvo za mene [&hellip;]<\/p>\n","protected":false},"author":1,"featured_media":0,"parent":0,"menu_order":0,"comment_status":"closed","ping_status":"closed","template":"","meta":{"footnotes":""},"class_list":["post-15","page","type-page","status-publish","hentry"],"_links":{"self":[{"href":"https:\/\/badovinac-odvjetnica.hr\/index.php\/wp-json\/wp\/v2\/pages\/15","targetHints":{"allow":["GET"]}}],"collection":[{"href":"https:\/\/badovinac-odvjetnica.hr\/index.php\/wp-json\/wp\/v2\/pages"}],"about":[{"href":"https:\/\/badovinac-odvjetnica.hr\/index.php\/wp-json\/wp\/v2\/types\/page"}],"author":[{"embeddable":true,"href":"https:\/\/badovinac-odvjetnica.hr\/index.php\/wp-json\/wp\/v2\/users\/1"}],"replies":[{"embeddable":true,"href":"https:\/\/badovinac-odvjetnica.hr\/index.php\/wp-json\/wp\/v2\/comments?post=15"}],"version-history":[{"count":10,"href":"https:\/\/badovinac-odvjetnica.hr\/index.php\/wp-json\/wp\/v2\/pages\/15\/revisions"}],"predecessor-version":[{"id":374,"href":"https:\/\/badovinac-odvjetnica.hr\/index.php\/wp-json\/wp\/v2\/pages\/15\/revisions\/374"}],"wp:attachment":[{"href":"https:\/\/badovinac-odvjetnica.hr\/index.php\/wp-json\/wp\/v2\/media?parent=15"}],"curies":[{"name":"wp","href":"https:\/\/api.w.org\/{rel}","templated":true}]}}