{"id":17,"date":"2026-02-06T15:14:22","date_gmt":"2026-02-06T15:14:22","guid":{"rendered":"https:\/\/badovinac-odvjetnica.hr\/?page_id=17"},"modified":"2026-02-07T10:29:52","modified_gmt":"2026-02-07T10:29:52","slug":"cesta-pitanja","status":"publish","type":"page","link":"https:\/\/badovinac-odvjetnica.hr\/index.php\/cesta-pitanja\/","title":{"rendered":"\u010cesta pitanja"},"content":{"rendered":"\t\t<div data-elementor-type=\"wp-page\" data-elementor-id=\"17\" class=\"elementor elementor-17\" data-elementor-post-type=\"page\">\n\t\t\t\t<div class=\"elementor-element elementor-element-ef40b2c e-flex e-con-boxed e-con e-parent\" data-id=\"ef40b2c\" data-element_type=\"container\" data-e-type=\"container\" data-settings=\"{&quot;wcf_enable_cursor_hover_effect_text&quot;:&quot;View&quot;,&quot;wcf-animation&quot;:&quot;none&quot;,&quot;aae_enable_header_sticky_area&quot;:&quot;no&quot;,&quot;wcf_enable_horizontal_scroll&quot;:&quot;no&quot;}\">\n\t\t\t\t\t<div class=\"e-con-inner\">\n\t\t\t\t<div class=\"elementor-element elementor-element-4d2cc2d wcf-t-animation-none elementor-widget elementor-widget-heading\" data-id=\"4d2cc2d\" data-element_type=\"widget\" data-e-type=\"widget\" data-settings=\"{&quot;wcf_text_animation&quot;:&quot;none&quot;,&quot;wcf-animation&quot;:&quot;none&quot;}\" data-widget_type=\"heading.default\">\n\t\t\t\t\t<span class=\"elementor-heading-title elementor-size-default\">\u010cESTA PITANJA<\/span>\t\t\t\t<\/div>\n\t\t\t\t<div class=\"elementor-element elementor-element-73fdfa5 wcf-t-animation-none elementor-widget elementor-widget-heading\" data-id=\"73fdfa5\" data-element_type=\"widget\" data-e-type=\"widget\" data-settings=\"{&quot;wcf_text_animation&quot;:&quot;none&quot;,&quot;wcf-animation&quot;:&quot;none&quot;}\" data-widget_type=\"heading.default\">\n\t\t\t\t\t<h2 class=\"elementor-heading-title elementor-size-default\">\u010cesta pitanja klijenata<\/h2>\t\t\t\t<\/div>\n\t\t\t\t\t<\/div>\n\t\t\t\t<\/div>\n\t\t<div class=\"elementor-element elementor-element-1c5ca4b0 e-flex e-con-boxed e-con e-parent\" data-id=\"1c5ca4b0\" data-element_type=\"container\" data-e-type=\"container\" data-settings=\"{&quot;wcf_enable_cursor_hover_effect_text&quot;:&quot;View&quot;,&quot;wcf-animation&quot;:&quot;none&quot;,&quot;aae_enable_header_sticky_area&quot;:&quot;no&quot;,&quot;wcf_enable_horizontal_scroll&quot;:&quot;no&quot;}\">\n\t\t\t\t\t<div class=\"e-con-inner\">\n\t\t<div class=\"elementor-element elementor-element-8882678 e-con-full e-flex e-con e-child\" data-id=\"8882678\" data-element_type=\"container\" data-e-type=\"container\" data-settings=\"{&quot;wcf_enable_cursor_hover_effect_text&quot;:&quot;View&quot;,&quot;wcf-animation&quot;:&quot;none&quot;,&quot;aae_enable_header_sticky_area&quot;:&quot;no&quot;,&quot;wcf_enable_horizontal_scroll&quot;:&quot;no&quot;}\">\n\t\t\t\t<div class=\"elementor-element elementor-element-384fa298 elementor-widget elementor-widget-n-accordion\" data-id=\"384fa298\" data-element_type=\"widget\" data-e-type=\"widget\" data-settings=\"{&quot;default_state&quot;:&quot;expanded&quot;,&quot;max_items_expended&quot;:&quot;one&quot;,&quot;n_accordion_animation_duration&quot;:{&quot;unit&quot;:&quot;ms&quot;,&quot;size&quot;:400,&quot;sizes&quot;:[]},&quot;wcf-animation&quot;:&quot;none&quot;}\" data-widget_type=\"nested-accordion.default\">\n\t\t\t\t\t\t\t<div class=\"e-n-accordion\" aria-label=\"Accordion. Open links with Enter or Space, close with Escape, and navigate with Arrow Keys\">\n\t\t\t\t\t\t<details id=\"e-n-accordion-item-9440\" class=\"e-n-accordion-item\" open>\n\t\t\t\t<summary class=\"e-n-accordion-item-title\" data-accordion-index=\"1\" tabindex=\"0\" aria-expanded=\"true\" aria-controls=\"e-n-accordion-item-9440\" >\n\t\t\t\t\t<span class='e-n-accordion-item-title-header'><div class=\"e-n-accordion-item-title-text\"> Kako ugovoriti prvi sastanak?  <\/div><\/span>\n\t\t\t\t\t\t\t<span class='e-n-accordion-item-title-icon'>\n\t\t\t<span class='e-opened' ><svg xmlns=\"http:\/\/www.w3.org\/2000\/svg\" id=\"Layer_2\" data-name=\"Layer 2\" viewBox=\"0 0 485 485\"><defs><style>      .cls-1 {        fill: #dcb078;      }    <\/style><\/defs><g id=\"Layer_1-2\" data-name=\"Layer 1\"><g><path class=\"cls-1\" d=\"M71.03,413.97c45.8,45.8,106.7,71.03,171.47,71.03s125.67-25.23,171.47-71.03c45.8-45.8,71.03-106.7,71.03-171.47s-25.23-125.67-71.03-171.47C368.17,25.23,307.27,0,242.5,0S116.83,25.23,71.03,71.03C25.23,116.83,0,177.73,0,242.5s25.23,125.67,71.03,171.47ZM242.5,30c117.17,0,212.5,95.33,212.5,212.5s-95.33,212.5-212.5,212.5S30,359.67,30,242.5,125.33,30,242.5,30Z\"><\/path><polygon points=\"242.5 185.21 349.41 291.77 370.59 270.52 242.5 142.85 114.41 270.52 135.59 291.77 242.5 185.21\"><\/polygon><\/g><\/g><\/svg><\/span>\n\t\t\t<span class='e-closed'><svg xmlns=\"http:\/\/www.w3.org\/2000\/svg\" id=\"Layer_2\" data-name=\"Layer 2\" viewBox=\"0 0 485 485\"><defs><style>      .cls-1 {        fill: #dcb078;      }    <\/style><\/defs><g id=\"Layer_1-2\" data-name=\"Layer 1\"><g><path class=\"cls-1\" d=\"M413.97,71.03C368.17,25.23,307.27,0,242.5,0S116.83,25.23,71.03,71.03C25.23,116.83,0,177.73,0,242.5s25.23,125.67,71.03,171.47c45.8,45.8,106.7,71.03,171.47,71.03s125.67-25.23,171.47-71.03c45.8-45.8,71.03-106.7,71.03-171.47s-25.23-125.67-71.03-171.47ZM242.5,455c-117.17,0-212.5-95.33-212.5-212.5S125.33,30,242.5,30s212.5,95.33,212.5,212.5-95.33,212.5-212.5,212.5Z\"><\/path><polygon points=\"242.5 299.79 135.59 193.23 114.41 214.48 242.5 342.15 370.59 214.48 349.41 193.23 242.5 299.79\"><\/polygon><\/g><\/g><\/svg><\/span>\n\t\t<\/span>\n\n\t\t\t\t\t\t<\/summary>\n\t\t\t\t<div role=\"region\" aria-labelledby=\"e-n-accordion-item-9440\" class=\"elementor-element elementor-element-5227a7c3 e-con-full e-flex e-con e-child\" data-id=\"5227a7c3\" data-element_type=\"container\" data-e-type=\"container\" data-settings=\"{&quot;background_background&quot;:&quot;classic&quot;,&quot;wcf_enable_cursor_hover_effect_text&quot;:&quot;View&quot;,&quot;wcf-animation&quot;:&quot;none&quot;,&quot;aae_enable_header_sticky_area&quot;:&quot;no&quot;,&quot;wcf_enable_horizontal_scroll&quot;:&quot;no&quot;}\">\n\t\t\t\t<div class=\"elementor-element elementor-element-73c81676 wcf-t-animation-none elementor-widget elementor-widget-text-editor\" data-id=\"73c81676\" data-element_type=\"widget\" data-e-type=\"widget\" data-settings=\"{&quot;wcf_text_animation&quot;:&quot;none&quot;,&quot;wcf-animation&quot;:&quot;none&quot;}\" data-widget_type=\"text-editor.default\">\n\t\t\t\t\t\t\t\t\t<p data-start=\"150\" data-end=\"303\">Sastanak je najbolje ugovoriti telefonski ili putem mail-a.<\/p>\t\t\t\t\t\t\t\t<\/div>\n\t\t\t\t<\/div>\n\t\t\t\t\t<\/details>\n\t\t\t\t\t\t<details id=\"e-n-accordion-item-9441\" class=\"e-n-accordion-item\" >\n\t\t\t\t<summary class=\"e-n-accordion-item-title\" data-accordion-index=\"2\" tabindex=\"-1\" aria-expanded=\"false\" aria-controls=\"e-n-accordion-item-9441\" >\n\t\t\t\t\t<span class='e-n-accordion-item-title-header'><div class=\"e-n-accordion-item-title-text\"> Koliko je za o\u010dekivati da \u0107e pro\u0107i do prvog sastanka od ugovaranja istoga? <\/div><\/span>\n\t\t\t\t\t\t\t<span class='e-n-accordion-item-title-icon'>\n\t\t\t<span class='e-opened' ><svg xmlns=\"http:\/\/www.w3.org\/2000\/svg\" id=\"Layer_2\" data-name=\"Layer 2\" viewBox=\"0 0 485 485\"><defs><style>      .cls-1 {        fill: #dcb078;      }    <\/style><\/defs><g id=\"Layer_1-2\" data-name=\"Layer 1\"><g><path class=\"cls-1\" d=\"M71.03,413.97c45.8,45.8,106.7,71.03,171.47,71.03s125.67-25.23,171.47-71.03c45.8-45.8,71.03-106.7,71.03-171.47s-25.23-125.67-71.03-171.47C368.17,25.23,307.27,0,242.5,0S116.83,25.23,71.03,71.03C25.23,116.83,0,177.73,0,242.5s25.23,125.67,71.03,171.47ZM242.5,30c117.17,0,212.5,95.33,212.5,212.5s-95.33,212.5-212.5,212.5S30,359.67,30,242.5,125.33,30,242.5,30Z\"><\/path><polygon points=\"242.5 185.21 349.41 291.77 370.59 270.52 242.5 142.85 114.41 270.52 135.59 291.77 242.5 185.21\"><\/polygon><\/g><\/g><\/svg><\/span>\n\t\t\t<span class='e-closed'><svg xmlns=\"http:\/\/www.w3.org\/2000\/svg\" id=\"Layer_2\" data-name=\"Layer 2\" viewBox=\"0 0 485 485\"><defs><style>      .cls-1 {        fill: #dcb078;      }    <\/style><\/defs><g id=\"Layer_1-2\" data-name=\"Layer 1\"><g><path class=\"cls-1\" d=\"M413.97,71.03C368.17,25.23,307.27,0,242.5,0S116.83,25.23,71.03,71.03C25.23,116.83,0,177.73,0,242.5s25.23,125.67,71.03,171.47c45.8,45.8,106.7,71.03,171.47,71.03s125.67-25.23,171.47-71.03c45.8-45.8,71.03-106.7,71.03-171.47s-25.23-125.67-71.03-171.47ZM242.5,455c-117.17,0-212.5-95.33-212.5-212.5S125.33,30,242.5,30s212.5,95.33,212.5,212.5-95.33,212.5-212.5,212.5Z\"><\/path><polygon points=\"242.5 299.79 135.59 193.23 114.41 214.48 242.5 342.15 370.59 214.48 349.41 193.23 242.5 299.79\"><\/polygon><\/g><\/g><\/svg><\/span>\n\t\t<\/span>\n\n\t\t\t\t\t\t<\/summary>\n\t\t\t\t<div role=\"region\" aria-labelledby=\"e-n-accordion-item-9441\" class=\"elementor-element elementor-element-7c5c709b e-con-full e-flex e-con e-child\" data-id=\"7c5c709b\" data-element_type=\"container\" data-e-type=\"container\" data-settings=\"{&quot;background_background&quot;:&quot;classic&quot;,&quot;wcf_enable_cursor_hover_effect_text&quot;:&quot;View&quot;,&quot;wcf-animation&quot;:&quot;none&quot;,&quot;aae_enable_header_sticky_area&quot;:&quot;no&quot;,&quot;wcf_enable_horizontal_scroll&quot;:&quot;no&quot;}\">\n\t\t\t\t<div class=\"elementor-element elementor-element-749ce61 wcf-t-animation-none elementor-widget elementor-widget-text-editor\" data-id=\"749ce61\" data-element_type=\"widget\" data-e-type=\"widget\" data-settings=\"{&quot;wcf_text_animation&quot;:&quot;none&quot;,&quot;wcf-animation&quot;:&quot;none&quot;}\" data-widget_type=\"text-editor.default\">\n\t\t\t\t\t\t\t\t\t<p data-start=\"379\" data-end=\"541\">Za o\u010dekivati je da \u0107e sastanak biti u roku od par dana od dana tra\u017eenja termina i da \u0107e se ve\u0107 prilikom prvog sastanka prije\u0107i na rje\u0161avanje problema kojeg klijent ima.<\/p>\t\t\t\t\t\t\t\t<\/div>\n\t\t\t\t<\/div>\n\t\t\t\t\t<\/details>\n\t\t\t\t\t\t<details id=\"e-n-accordion-item-9442\" class=\"e-n-accordion-item\" >\n\t\t\t\t<summary class=\"e-n-accordion-item-title\" data-accordion-index=\"3\" tabindex=\"-1\" aria-expanded=\"false\" aria-controls=\"e-n-accordion-item-9442\" >\n\t\t\t\t\t<span class='e-n-accordion-item-title-header'><div class=\"e-n-accordion-item-title-text\"> Pru\u017eate li pravne usluge na podru\u010dju cijele Republike Hrvatske? <\/div><\/span>\n\t\t\t\t\t\t\t<span class='e-n-accordion-item-title-icon'>\n\t\t\t<span class='e-opened' ><svg xmlns=\"http:\/\/www.w3.org\/2000\/svg\" id=\"Layer_2\" data-name=\"Layer 2\" viewBox=\"0 0 485 485\"><defs><style>      .cls-1 {        fill: #dcb078;      }    <\/style><\/defs><g id=\"Layer_1-2\" data-name=\"Layer 1\"><g><path class=\"cls-1\" d=\"M71.03,413.97c45.8,45.8,106.7,71.03,171.47,71.03s125.67-25.23,171.47-71.03c45.8-45.8,71.03-106.7,71.03-171.47s-25.23-125.67-71.03-171.47C368.17,25.23,307.27,0,242.5,0S116.83,25.23,71.03,71.03C25.23,116.83,0,177.73,0,242.5s25.23,125.67,71.03,171.47ZM242.5,30c117.17,0,212.5,95.33,212.5,212.5s-95.33,212.5-212.5,212.5S30,359.67,30,242.5,125.33,30,242.5,30Z\"><\/path><polygon points=\"242.5 185.21 349.41 291.77 370.59 270.52 242.5 142.85 114.41 270.52 135.59 291.77 242.5 185.21\"><\/polygon><\/g><\/g><\/svg><\/span>\n\t\t\t<span class='e-closed'><svg xmlns=\"http:\/\/www.w3.org\/2000\/svg\" id=\"Layer_2\" data-name=\"Layer 2\" viewBox=\"0 0 485 485\"><defs><style>      .cls-1 {        fill: #dcb078;      }    <\/style><\/defs><g id=\"Layer_1-2\" data-name=\"Layer 1\"><g><path class=\"cls-1\" d=\"M413.97,71.03C368.17,25.23,307.27,0,242.5,0S116.83,25.23,71.03,71.03C25.23,116.83,0,177.73,0,242.5s25.23,125.67,71.03,171.47c45.8,45.8,106.7,71.03,171.47,71.03s125.67-25.23,171.47-71.03c45.8-45.8,71.03-106.7,71.03-171.47s-25.23-125.67-71.03-171.47ZM242.5,455c-117.17,0-212.5-95.33-212.5-212.5S125.33,30,242.5,30s212.5,95.33,212.5,212.5-95.33,212.5-212.5,212.5Z\"><\/path><polygon points=\"242.5 299.79 135.59 193.23 114.41 214.48 242.5 342.15 370.59 214.48 349.41 193.23 242.5 299.79\"><\/polygon><\/g><\/g><\/svg><\/span>\n\t\t<\/span>\n\n\t\t\t\t\t\t<\/summary>\n\t\t\t\t<div role=\"region\" aria-labelledby=\"e-n-accordion-item-9442\" class=\"elementor-element elementor-element-3e301cf5 e-con-full e-flex e-con e-child\" data-id=\"3e301cf5\" data-element_type=\"container\" data-e-type=\"container\" data-settings=\"{&quot;background_background&quot;:&quot;classic&quot;,&quot;wcf_enable_cursor_hover_effect_text&quot;:&quot;View&quot;,&quot;wcf-animation&quot;:&quot;none&quot;,&quot;aae_enable_header_sticky_area&quot;:&quot;no&quot;,&quot;wcf_enable_horizontal_scroll&quot;:&quot;no&quot;}\">\n\t\t\t\t<div class=\"elementor-element elementor-element-3c890172 wcf-t-animation-none elementor-widget elementor-widget-text-editor\" data-id=\"3c890172\" data-element_type=\"widget\" data-e-type=\"widget\" data-settings=\"{&quot;wcf_text_animation&quot;:&quot;none&quot;,&quot;wcf-animation&quot;:&quot;none&quot;}\" data-widget_type=\"text-editor.default\">\n\t\t\t\t\t\t\t\t\t<p data-start=\"599\" data-end=\"740\">Da, pravnu pomo\u0107 pru\u017eamo na podru\u010dju cijele Republike Hrvatske.<\/p>\t\t\t\t\t\t\t\t<\/div>\n\t\t\t\t<\/div>\n\t\t\t\t\t<\/details>\n\t\t\t\t\t\t<details id=\"e-n-accordion-item-9443\" class=\"e-n-accordion-item\" >\n\t\t\t\t<summary class=\"e-n-accordion-item-title\" data-accordion-index=\"4\" tabindex=\"-1\" aria-expanded=\"false\" aria-controls=\"e-n-accordion-item-9443\" >\n\t\t\t\t\t<span class='e-n-accordion-item-title-header'><div class=\"e-n-accordion-item-title-text\"> Napla\u0107uje li se prvi sastanak i koliko?  <\/div><\/span>\n\t\t\t\t\t\t\t<span class='e-n-accordion-item-title-icon'>\n\t\t\t<span class='e-opened' ><svg xmlns=\"http:\/\/www.w3.org\/2000\/svg\" id=\"Layer_2\" data-name=\"Layer 2\" viewBox=\"0 0 485 485\"><defs><style>      .cls-1 {        fill: #dcb078;      }    <\/style><\/defs><g id=\"Layer_1-2\" data-name=\"Layer 1\"><g><path class=\"cls-1\" d=\"M71.03,413.97c45.8,45.8,106.7,71.03,171.47,71.03s125.67-25.23,171.47-71.03c45.8-45.8,71.03-106.7,71.03-171.47s-25.23-125.67-71.03-171.47C368.17,25.23,307.27,0,242.5,0S116.83,25.23,71.03,71.03C25.23,116.83,0,177.73,0,242.5s25.23,125.67,71.03,171.47ZM242.5,30c117.17,0,212.5,95.33,212.5,212.5s-95.33,212.5-212.5,212.5S30,359.67,30,242.5,125.33,30,242.5,30Z\"><\/path><polygon points=\"242.5 185.21 349.41 291.77 370.59 270.52 242.5 142.85 114.41 270.52 135.59 291.77 242.5 185.21\"><\/polygon><\/g><\/g><\/svg><\/span>\n\t\t\t<span class='e-closed'><svg xmlns=\"http:\/\/www.w3.org\/2000\/svg\" id=\"Layer_2\" data-name=\"Layer 2\" viewBox=\"0 0 485 485\"><defs><style>      .cls-1 {        fill: #dcb078;      }    <\/style><\/defs><g id=\"Layer_1-2\" data-name=\"Layer 1\"><g><path class=\"cls-1\" d=\"M413.97,71.03C368.17,25.23,307.27,0,242.5,0S116.83,25.23,71.03,71.03C25.23,116.83,0,177.73,0,242.5s25.23,125.67,71.03,171.47c45.8,45.8,106.7,71.03,171.47,71.03s125.67-25.23,171.47-71.03c45.8-45.8,71.03-106.7,71.03-171.47s-25.23-125.67-71.03-171.47ZM242.5,455c-117.17,0-212.5-95.33-212.5-212.5S125.33,30,242.5,30s212.5,95.33,212.5,212.5-95.33,212.5-212.5,212.5Z\"><\/path><polygon points=\"242.5 299.79 135.59 193.23 114.41 214.48 242.5 342.15 370.59 214.48 349.41 193.23 242.5 299.79\"><\/polygon><\/g><\/g><\/svg><\/span>\n\t\t<\/span>\n\n\t\t\t\t\t\t<\/summary>\n\t\t\t\t<div role=\"region\" aria-labelledby=\"e-n-accordion-item-9443\" class=\"elementor-element elementor-element-76fa40fa e-con-full e-flex e-con e-child\" data-id=\"76fa40fa\" data-element_type=\"container\" data-e-type=\"container\" data-settings=\"{&quot;background_background&quot;:&quot;classic&quot;,&quot;wcf_enable_cursor_hover_effect_text&quot;:&quot;View&quot;,&quot;wcf-animation&quot;:&quot;none&quot;,&quot;aae_enable_header_sticky_area&quot;:&quot;no&quot;,&quot;wcf_enable_horizontal_scroll&quot;:&quot;no&quot;}\">\n\t\t\t\t<div class=\"elementor-element elementor-element-23833f43 wcf-t-animation-none elementor-widget elementor-widget-text-editor\" data-id=\"23833f43\" data-element_type=\"widget\" data-e-type=\"widget\" data-settings=\"{&quot;wcf_text_animation&quot;:&quot;none&quot;,&quot;wcf-animation&quot;:&quot;none&quot;}\" data-widget_type=\"text-editor.default\">\n\t\t\t\t\t\t\t\t\t<p data-start=\"791\" data-end=\"962\">Prvi sastanak se napla\u0107uje iz razloga \u0161to se odmah pristupa problemu klijenta i poku\u0161ava se na\u0107i rje\u0161enje istoga. Klijent dobiva usmeno pravno mi\u0161ljenje i savjet koji podlije\u017eu naplati sukladno Tarifi o nagradama i naknadi tro\u0161kova za rad odvjetnika.<br \/>Dok cijena svake druge radnje odvjetnika se napla\u0107uje po Tarifi i ovisi o vrsti predmeta i visini vrijednosti spora.<\/p>\t\t\t\t\t\t\t\t<\/div>\n\t\t\t\t<\/div>\n\t\t\t\t\t<\/details>\n\t\t\t\t\t\t<details id=\"e-n-accordion-item-9444\" class=\"e-n-accordion-item\" >\n\t\t\t\t<summary class=\"e-n-accordion-item-title\" data-accordion-index=\"5\" tabindex=\"-1\" aria-expanded=\"false\" aria-controls=\"e-n-accordion-item-9444\" >\n\t\t\t\t\t<span class='e-n-accordion-item-title-header'><div class=\"e-n-accordion-item-title-text\"> \u0160to trebam ponijeti na prvi sastanak? <\/div><\/span>\n\t\t\t\t\t\t\t<span class='e-n-accordion-item-title-icon'>\n\t\t\t<span class='e-opened' ><svg xmlns=\"http:\/\/www.w3.org\/2000\/svg\" id=\"Layer_2\" data-name=\"Layer 2\" viewBox=\"0 0 485 485\"><defs><style>      .cls-1 {        fill: #dcb078;      }    <\/style><\/defs><g id=\"Layer_1-2\" data-name=\"Layer 1\"><g><path class=\"cls-1\" d=\"M71.03,413.97c45.8,45.8,106.7,71.03,171.47,71.03s125.67-25.23,171.47-71.03c45.8-45.8,71.03-106.7,71.03-171.47s-25.23-125.67-71.03-171.47C368.17,25.23,307.27,0,242.5,0S116.83,25.23,71.03,71.03C25.23,116.83,0,177.73,0,242.5s25.23,125.67,71.03,171.47ZM242.5,30c117.17,0,212.5,95.33,212.5,212.5s-95.33,212.5-212.5,212.5S30,359.67,30,242.5,125.33,30,242.5,30Z\"><\/path><polygon points=\"242.5 185.21 349.41 291.77 370.59 270.52 242.5 142.85 114.41 270.52 135.59 291.77 242.5 185.21\"><\/polygon><\/g><\/g><\/svg><\/span>\n\t\t\t<span class='e-closed'><svg xmlns=\"http:\/\/www.w3.org\/2000\/svg\" id=\"Layer_2\" data-name=\"Layer 2\" viewBox=\"0 0 485 485\"><defs><style>      .cls-1 {        fill: #dcb078;      }    <\/style><\/defs><g id=\"Layer_1-2\" data-name=\"Layer 1\"><g><path class=\"cls-1\" d=\"M413.97,71.03C368.17,25.23,307.27,0,242.5,0S116.83,25.23,71.03,71.03C25.23,116.83,0,177.73,0,242.5s25.23,125.67,71.03,171.47c45.8,45.8,106.7,71.03,171.47,71.03s125.67-25.23,171.47-71.03c45.8-45.8,71.03-106.7,71.03-171.47s-25.23-125.67-71.03-171.47ZM242.5,455c-117.17,0-212.5-95.33-212.5-212.5S125.33,30,242.5,30s212.5,95.33,212.5,212.5-95.33,212.5-212.5,212.5Z\"><\/path><polygon points=\"242.5 299.79 135.59 193.23 114.41 214.48 242.5 342.15 370.59 214.48 349.41 193.23 242.5 299.79\"><\/polygon><\/g><\/g><\/svg><\/span>\n\t\t<\/span>\n\n\t\t\t\t\t\t<\/summary>\n\t\t\t\t<div role=\"region\" aria-labelledby=\"e-n-accordion-item-9444\" class=\"elementor-element elementor-element-2c20c196 e-con-full e-flex e-con e-child\" data-id=\"2c20c196\" data-element_type=\"container\" data-e-type=\"container\" data-settings=\"{&quot;background_background&quot;:&quot;classic&quot;,&quot;wcf_enable_cursor_hover_effect_text&quot;:&quot;View&quot;,&quot;wcf-animation&quot;:&quot;none&quot;,&quot;aae_enable_header_sticky_area&quot;:&quot;no&quot;,&quot;wcf_enable_horizontal_scroll&quot;:&quot;no&quot;}\">\n\t\t\t\t<div class=\"elementor-element elementor-element-33089aaf wcf-t-animation-none elementor-widget elementor-widget-text-editor\" data-id=\"33089aaf\" data-element_type=\"widget\" data-e-type=\"widget\" data-settings=\"{&quot;wcf_text_animation&quot;:&quot;none&quot;,&quot;wcf-animation&quot;:&quot;none&quot;}\" data-widget_type=\"text-editor.default\">\n\t\t\t\t\t\t\t\t\t<p data-start=\"1004\" data-end=\"1134\">Klijent treba na prvi sastanak ponijeti svu dokumentaciju koja je vezana uz spor koji ima, no na\u010delno odvjetnik dogovori sa svakim klijentom individualno jer su postupci\/sporovi razli\u010diti, pa su potrebne i razli\u010dite isprave od nadle\u017enih institucija u Republici Hrvatskoj.<\/p>\t\t\t\t\t\t\t\t<\/div>\n\t\t\t\t<\/div>\n\t\t\t\t\t<\/details>\n\t\t\t\t\t\t<details id=\"e-n-accordion-item-9445\" class=\"e-n-accordion-item\" >\n\t\t\t\t<summary class=\"e-n-accordion-item-title\" data-accordion-index=\"6\" tabindex=\"-1\" aria-expanded=\"false\" aria-controls=\"e-n-accordion-item-9445\" >\n\t\t\t\t\t<span class='e-n-accordion-item-title-header'><div class=\"e-n-accordion-item-title-text\"> .Koliko \u0107e trajati sudski postupak?  <\/div><\/span>\n\t\t\t\t\t\t\t<span class='e-n-accordion-item-title-icon'>\n\t\t\t<span class='e-opened' ><svg xmlns=\"http:\/\/www.w3.org\/2000\/svg\" id=\"Layer_2\" data-name=\"Layer 2\" viewBox=\"0 0 485 485\"><defs><style>      .cls-1 {        fill: #dcb078;      }    <\/style><\/defs><g id=\"Layer_1-2\" data-name=\"Layer 1\"><g><path class=\"cls-1\" d=\"M71.03,413.97c45.8,45.8,106.7,71.03,171.47,71.03s125.67-25.23,171.47-71.03c45.8-45.8,71.03-106.7,71.03-171.47s-25.23-125.67-71.03-171.47C368.17,25.23,307.27,0,242.5,0S116.83,25.23,71.03,71.03C25.23,116.83,0,177.73,0,242.5s25.23,125.67,71.03,171.47ZM242.5,30c117.17,0,212.5,95.33,212.5,212.5s-95.33,212.5-212.5,212.5S30,359.67,30,242.5,125.33,30,242.5,30Z\"><\/path><polygon points=\"242.5 185.21 349.41 291.77 370.59 270.52 242.5 142.85 114.41 270.52 135.59 291.77 242.5 185.21\"><\/polygon><\/g><\/g><\/svg><\/span>\n\t\t\t<span class='e-closed'><svg xmlns=\"http:\/\/www.w3.org\/2000\/svg\" id=\"Layer_2\" data-name=\"Layer 2\" viewBox=\"0 0 485 485\"><defs><style>      .cls-1 {        fill: #dcb078;      }    <\/style><\/defs><g id=\"Layer_1-2\" data-name=\"Layer 1\"><g><path class=\"cls-1\" d=\"M413.97,71.03C368.17,25.23,307.27,0,242.5,0S116.83,25.23,71.03,71.03C25.23,116.83,0,177.73,0,242.5s25.23,125.67,71.03,171.47c45.8,45.8,106.7,71.03,171.47,71.03s125.67-25.23,171.47-71.03c45.8-45.8,71.03-106.7,71.03-171.47s-25.23-125.67-71.03-171.47ZM242.5,455c-117.17,0-212.5-95.33-212.5-212.5S125.33,30,242.5,30s212.5,95.33,212.5,212.5-95.33,212.5-212.5,212.5Z\"><\/path><polygon points=\"242.5 299.79 135.59 193.23 114.41 214.48 242.5 342.15 370.59 214.48 349.41 193.23 242.5 299.79\"><\/polygon><\/g><\/g><\/svg><\/span>\n\t\t<\/span>\n\n\t\t\t\t\t\t<\/summary>\n\t\t\t\t<div role=\"region\" aria-labelledby=\"e-n-accordion-item-9445\" class=\"elementor-element elementor-element-06b4481 e-con-full e-flex e-con e-child\" data-id=\"06b4481\" data-element_type=\"container\" data-e-type=\"container\" data-settings=\"{&quot;background_background&quot;:&quot;classic&quot;,&quot;wcf_enable_cursor_hover_effect_text&quot;:&quot;View&quot;,&quot;wcf-animation&quot;:&quot;none&quot;,&quot;aae_enable_header_sticky_area&quot;:&quot;no&quot;,&quot;wcf_enable_horizontal_scroll&quot;:&quot;no&quot;}\">\n\t\t\t\t<div class=\"elementor-element elementor-element-3cb5361 wcf-t-animation-none elementor-widget elementor-widget-text-editor\" data-id=\"3cb5361\" data-element_type=\"widget\" data-e-type=\"widget\" data-settings=\"{&quot;wcf_text_animation&quot;:&quot;none&quot;,&quot;wcf-animation&quot;:&quot;none&quot;}\" data-widget_type=\"text-editor.default\">\n\t\t\t\t\t\t\t\t\t<p data-start=\"1004\" data-end=\"1134\">Obzirom trajanja sudskog postupka ovisi o puno razli\u010ditih faktora, te\u0161ko je unaprijed predvidjeti njegovo trajanje, no temeljem iskustva odvjetni\u010dkog ureda po prou\u010davanju predmeta mo\u017ee se re\u0107i pribli\u017eno trajanje.<\/p>\t\t\t\t\t\t\t\t<\/div>\n\t\t\t\t<\/div>\n\t\t\t\t\t<\/details>\n\t\t\t\t\t<\/div>\n\t\t\t\t\t\t<\/div>\n\t\t\t\t<div class=\"elementor-element elementor-element-5d705178 elementor-widget elementor-widget-aae--advanced-button\" data-id=\"5d705178\" data-element_type=\"widget\" data-e-type=\"widget\" data-settings=\"{&quot;wcf-animation&quot;:&quot;none&quot;}\" data-widget_type=\"aae--advanced-button.default\">\n\t\t\t\t<div class=\"elementor-widget-container\">\n\t\t\t\t\t\r\n\t\t<div class=\"aae--btn-pro-wrapper style-4\">\r\n\t\t\t\t\t\t\t<a href=\"#\" rel=\"nofollow\" class=\"btn-hover aae--btn-pro\">\r\n\t\t\t\t\t<span><\/span>\r\n\t\t\t\t\tPitajte nas\t\t\t\t\t<strong><\/strong>\r\n\t\t\t\t<\/a>\r\n\t\t\t\t\t<\/div>\r\n\t\t\t\t\t\t<\/div>\n\t\t\t\t<\/div>\n\t\t\t\t<\/div>\n\t\t<div class=\"elementor-element elementor-element-16b9bbcb e-con-full e-flex e-con e-child\" data-id=\"16b9bbcb\" data-element_type=\"container\" data-e-type=\"container\" data-settings=\"{&quot;wcf_enable_cursor_hover_effect_text&quot;:&quot;View&quot;,&quot;wcf-animation&quot;:&quot;none&quot;,&quot;aae_enable_header_sticky_area&quot;:&quot;no&quot;,&quot;wcf_enable_horizontal_scroll&quot;:&quot;no&quot;}\">\n\t\t\t\t<div class=\"elementor-element elementor-element-6f51ba3b elementor-widget elementor-widget-image\" data-id=\"6f51ba3b\" data-element_type=\"widget\" data-e-type=\"widget\" data-settings=\"{&quot;wcf-image-animation&quot;:&quot;none&quot;,&quot;wcf-animation&quot;:&quot;none&quot;}\" data-widget_type=\"image.default\">\n\t\t\t\t\t\t\t\t\t\t\t\t\t\t\t<img fetchpriority=\"high\" decoding=\"async\" width=\"667\" height=\"1000\" src=\"https:\/\/badovinac-odvjetnica.hr\/wp-content\/uploads\/2026\/02\/3092.jpg\" class=\"attachment-large size-large wp-image-302\" alt=\"\" srcset=\"https:\/\/badovinac-odvjetnica.hr\/wp-content\/uploads\/2026\/02\/3092.jpg 667w, https:\/\/badovinac-odvjetnica.hr\/wp-content\/uploads\/2026\/02\/3092-200x300.jpg 200w\" sizes=\"(max-width: 667px) 100vw, 667px\" \/>\t\t\t\t\t\t\t\t\t\t\t\t\t\t\t<\/div>\n\t\t\t\t<\/div>\n\t\t\t\t\t<\/div>\n\t\t\t\t<\/div>\n\t\t\t\t<\/div>\n\t\t","protected":false},"excerpt":{"rendered":"<p>\u010cESTA PITANJA \u010cesta pitanja klijenata Kako ugovoriti prvi sastanak? Sastanak je najbolje ugovoriti telefonski ili putem mail-a. Koliko je za o\u010dekivati da \u0107e pro\u0107i do prvog sastanka od ugovaranja istoga? Za o\u010dekivati je da \u0107e sastanak biti u roku od par dana od dana tra\u017eenja termina i da \u0107e se ve\u0107 prilikom prvog sastanka prije\u0107i [&hellip;]<\/p>\n","protected":false},"author":1,"featured_media":0,"parent":0,"menu_order":0,"comment_status":"closed","ping_status":"closed","template":"","meta":{"footnotes":""},"class_list":["post-17","page","type-page","status-publish","hentry"],"_links":{"self":[{"href":"https:\/\/badovinac-odvjetnica.hr\/index.php\/wp-json\/wp\/v2\/pages\/17","targetHints":{"allow":["GET"]}}],"collection":[{"href":"https:\/\/badovinac-odvjetnica.hr\/index.php\/wp-json\/wp\/v2\/pages"}],"about":[{"href":"https:\/\/badovinac-odvjetnica.hr\/index.php\/wp-json\/wp\/v2\/types\/page"}],"author":[{"embeddable":true,"href":"https:\/\/badovinac-odvjetnica.hr\/index.php\/wp-json\/wp\/v2\/users\/1"}],"replies":[{"embeddable":true,"href":"https:\/\/badovinac-odvjetnica.hr\/index.php\/wp-json\/wp\/v2\/comments?post=17"}],"version-history":[{"count":16,"href":"https:\/\/badovinac-odvjetnica.hr\/index.php\/wp-json\/wp\/v2\/pages\/17\/revisions"}],"predecessor-version":[{"id":382,"href":"https:\/\/badovinac-odvjetnica.hr\/index.php\/wp-json\/wp\/v2\/pages\/17\/revisions\/382"}],"wp:attachment":[{"href":"https:\/\/badovinac-odvjetnica.hr\/index.php\/wp-json\/wp\/v2\/media?parent=17"}],"curies":[{"name":"wp","href":"https:\/\/api.w.org\/{rel}","templated":true}]}}