{"id":19,"date":"2026-02-06T15:15:16","date_gmt":"2026-02-06T15:15:16","guid":{"rendered":"https:\/\/badovinac-odvjetnica.hr\/?page_id=19"},"modified":"2026-02-07T05:26:24","modified_gmt":"2026-02-07T05:26:24","slug":"kontaktirajte-me","status":"publish","type":"page","link":"https:\/\/badovinac-odvjetnica.hr\/index.php\/kontaktirajte-me\/","title":{"rendered":"Kontaktirajte me"},"content":{"rendered":"\t\t<div data-elementor-type=\"wp-page\" data-elementor-id=\"19\" class=\"elementor elementor-19\" data-elementor-post-type=\"page\">\n\t\t\t\t<div class=\"elementor-element elementor-element-f22052d e-flex e-con-boxed e-con e-parent\" data-id=\"f22052d\" data-element_type=\"container\" data-e-type=\"container\" data-settings=\"{&quot;wcf_enable_cursor_hover_effect_text&quot;:&quot;View&quot;,&quot;wcf-animation&quot;:&quot;none&quot;,&quot;aae_enable_header_sticky_area&quot;:&quot;no&quot;,&quot;wcf_enable_horizontal_scroll&quot;:&quot;no&quot;}\">\n\t\t\t\t\t<div class=\"e-con-inner\">\n\t\t\t\t<div class=\"elementor-element elementor-element-c79ddaf elementor-position-inline-start elementor-widget__width-inherit elementor-view-default elementor-mobile-position-block-start elementor-widget elementor-widget-icon-box\" data-id=\"c79ddaf\" data-element_type=\"widget\" data-e-type=\"widget\" data-settings=\"{&quot;wcf-animation&quot;:&quot;none&quot;}\" data-widget_type=\"icon-box.default\">\n\t\t\t\t\t\t\t<div class=\"elementor-icon-box-wrapper\">\n\n\t\t\t\t\t\t<div class=\"elementor-icon-box-icon\">\n\t\t\t\t<a href=\"mailto:mirelafrlan@yahoo.com\" class=\"elementor-icon\" tabindex=\"-1\" aria-label=\"mirelafrlan@yahoo.com\">\n\t\t\t\t<svg xmlns=\"http:\/\/www.w3.org\/2000\/svg\" id=\"Layer_1\" data-name=\"Layer 1\" viewBox=\"0 0 24 24\"><path d=\"m22.459,9.098l-1.459-1.398v-3.7c0-2.206-1.794-4-4-4H7C4.794,0,3,1.794,3,4v3.7l-1.459,1.397c-.979.938-1.541,2.254-1.541,3.61v6.293c0,2.757,2.243,5,5,5h14c2.757,0,5-2.243,5-5v-6.293c0-1.356-.562-2.672-1.541-3.609ZM7,2h10c1.103,0,2,.897,2,2v8.242l-4.879,4.879c-1.133,1.133-3.109,1.133-4.242,0l-4.879-4.879V4c0-1.103.897-2,2-2Zm15,17c0,1.654-1.346,3-3,3H5c-1.654,0-3-1.346-3-3v-6.293c0-.195.022-.388.059-.577l6.406,6.406c.943.944,2.199,1.465,3.535,1.465s2.592-.521,3.535-1.465l6.406-6.406c.037.189.059.383.059.577v6.293ZM7.319,9.536c-.404-.376-.428-1.009-.052-1.413.377-.405,1.011-.426,1.413-.052l1.851,1.721c.269.268.666.269.911.024l3.863-3.724c.398-.384,1.031-.371,1.414.025.384.397.372,1.031-.025,1.414l-3.851,3.712c-.504.504-1.171.756-1.839.756-.673,0-1.348-.256-1.861-.768l-1.824-1.696Z\"><\/path><\/svg>\t\t\t\t<\/a>\n\t\t\t<\/div>\n\t\t\t\n\t\t\t\t\t\t<div class=\"elementor-icon-box-content\">\n\n\t\t\t\t\t\t\t\t\t<div class=\"elementor-icon-box-title\">\n\t\t\t\t\t\t<a href=\"mailto:mirelafrlan@yahoo.com\" >\n\t\t\t\t\t\t\tmirelafrlan@yahoo.com\t\t\t\t\t\t<\/a>\n\t\t\t\t\t<\/div>\n\t\t\t\t\n\t\t\t\t\t\t\t\t\t<p class=\"elementor-icon-box-description\">\n\t\t\t\t\t\tKontakt email\t\t\t\t\t<\/p>\n\t\t\t\t\n\t\t\t<\/div>\n\t\t\t\n\t\t<\/div>\n\t\t\t\t\t\t<\/div>\n\t\t\t\t<div class=\"elementor-element elementor-element-107b3db elementor-position-inline-start elementor-widget__width-inherit elementor-view-default elementor-mobile-position-block-start elementor-widget elementor-widget-icon-box\" data-id=\"107b3db\" data-element_type=\"widget\" data-e-type=\"widget\" data-settings=\"{&quot;wcf-animation&quot;:&quot;none&quot;}\" data-widget_type=\"icon-box.default\">\n\t\t\t\t\t\t\t<div class=\"elementor-icon-box-wrapper\">\n\n\t\t\t\t\t\t<div class=\"elementor-icon-box-icon\">\n\t\t\t\t<a href=\"tel:+385%2098%20931%201379\" class=\"elementor-icon\" tabindex=\"-1\" aria-label=\"+385 98 931 1379\">\n\t\t\t\t<svg xmlns=\"http:\/\/www.w3.org\/2000\/svg\" id=\"Layer_1\" data-name=\"Layer 1\" viewBox=\"0 0 24 24\" width=\"512\" height=\"512\"><path d=\"M15,24h-6c-2.757,0-5-2.243-5-5V5C4,2.243,6.243,0,9,0h6c2.757,0,5,2.243,5,5v14c0,2.757-2.243,5-5,5ZM9,2c-1.654,0-3,1.346-3,3v14c0,1.654,1.346,3,3,3h6c1.654,0,3-1.346,3-3V5c0-1.654-1.346-3-3-3h-6Zm5,17h0c0-.552-.448-1-1-1h-2c-.552,0-1,.448-1,1h0c0,.552,.448,1,1,1h2c.552,0,1-.448,1-1Z\"><\/path><\/svg>\t\t\t\t<\/a>\n\t\t\t<\/div>\n\t\t\t\n\t\t\t\t\t\t<div class=\"elementor-icon-box-content\">\n\n\t\t\t\t\t\t\t\t\t<div class=\"elementor-icon-box-title\">\n\t\t\t\t\t\t<a href=\"tel:+385%2098%20931%201379\" >\n\t\t\t\t\t\t\t+385 98 931 1379\t\t\t\t\t\t<\/a>\n\t\t\t\t\t<\/div>\n\t\t\t\t\n\t\t\t\t\t\t\t\t\t<p class=\"elementor-icon-box-description\">\n\t\t\t\t\t\tKontakt telefon\t\t\t\t\t<\/p>\n\t\t\t\t\n\t\t\t<\/div>\n\t\t\t\n\t\t<\/div>\n\t\t\t\t\t\t<\/div>\n\t\t\t\t<div class=\"elementor-element elementor-element-93bd727 elementor-position-inline-start elementor-widget__width-inherit elementor-view-default elementor-mobile-position-block-start elementor-widget elementor-widget-icon-box\" data-id=\"93bd727\" data-element_type=\"widget\" data-e-type=\"widget\" data-settings=\"{&quot;wcf-animation&quot;:&quot;none&quot;}\" data-widget_type=\"icon-box.default\">\n\t\t\t\t\t\t\t<div class=\"elementor-icon-box-wrapper\">\n\n\t\t\t\t\t\t<div class=\"elementor-icon-box-icon\">\n\t\t\t\t<span  class=\"elementor-icon\">\n\t\t\t\t<svg xmlns=\"http:\/\/www.w3.org\/2000\/svg\" id=\"Layer_1\" data-name=\"Layer 1\" viewBox=\"0 0 24 24\"><path d=\"m23,12c-.553,0-1,.447-1,1v3h-6.086l-5.914-5.914V2h1c.552,0,1-.447,1-1s-.448-1-1-1h-6C2.243,0,0,2.243,0,5v14c0,2.757,2.243,5,5,5h14c2.757,0,5-2.243,5-5v-6c0-.553-.447-1-1-1ZM5,2h3v7.9l-6,3.199V5c0-1.654,1.346-3,3-3Zm-3,17v-3.633l6.817-3.636,5.362,5.362-3.679,4.906h-5.5c-1.654,0-3-1.346-3-3Zm17,3h-6l3-4h6v1c0,1.654-1.346,3-3,3Zm-2.549-10.811c.564.553,1.307.829,2.049.828.742,0,1.484-.275,2.049-.828l1.84-1.801c1.039-1.038,1.611-2.419,1.611-3.889s-.572-2.851-1.611-3.889c-1.039-1.039-2.42-1.611-3.889-1.611s-2.851.572-3.889,1.611c-1.039,1.038-1.611,2.419-1.611,3.889s.572,2.851,1.619,3.896l1.832,1.793Zm-.426-8.164c.661-.661,1.539-1.025,2.475-1.025s1.813.364,2.475,1.025,1.025,1.54,1.025,2.475-.364,1.813-1.018,2.467l-1.832,1.793c-.359.35-.941.352-1.301,0l-1.824-1.785c-.661-.661-1.025-1.54-1.025-2.475s.364-1.813,1.025-2.475Zm.974,2.469c0-.828.672-1.5,1.5-1.5s1.5.672,1.5,1.5-.672,1.5-1.5,1.5-1.5-.672-1.5-1.5Z\"><\/path><\/svg>\t\t\t\t<\/span>\n\t\t\t<\/div>\n\t\t\t\n\t\t\t\t\t\t<div class=\"elementor-icon-box-content\">\n\n\t\t\t\t\t\t\t\t\t<div class=\"elementor-icon-box-title\">\n\t\t\t\t\t\t<span  >\n\t\t\t\t\t\t\tKarlovac, Jurja Kri\u017eani\u0107a 6\t\t\t\t\t\t<\/span>\n\t\t\t\t\t<\/div>\n\t\t\t\t\n\t\t\t\t\t\t\t\t\t<p class=\"elementor-icon-box-description\">\n\t\t\t\t\t\tPisarnica\t\t\t\t\t<\/p>\n\t\t\t\t\n\t\t\t<\/div>\n\t\t\t\n\t\t<\/div>\n\t\t\t\t\t\t<\/div>\n\t\t\t\t<div class=\"elementor-element elementor-element-6de326a elementor-position-inline-start elementor-widget__width-inherit elementor-view-default elementor-mobile-position-block-start elementor-widget elementor-widget-icon-box\" data-id=\"6de326a\" data-element_type=\"widget\" data-e-type=\"widget\" data-settings=\"{&quot;wcf-animation&quot;:&quot;none&quot;}\" data-widget_type=\"icon-box.default\">\n\t\t\t\t\t\t\t<div class=\"elementor-icon-box-wrapper\">\n\n\t\t\t\t\t\t<div class=\"elementor-icon-box-icon\">\n\t\t\t\t<a href=\"tel:+385%2098%20931%201379\" class=\"elementor-icon\" tabindex=\"-1\" aria-label=\"Zagreb, Zagreba\u010dka cesta 76b\">\n\t\t\t\t<svg xmlns=\"http:\/\/www.w3.org\/2000\/svg\" id=\"Layer_1\" data-name=\"Layer 1\" viewBox=\"0 0 24 24\"><path d=\"m23,12c-.553,0-1,.447-1,1v3h-6.086l-5.914-5.914V2h1c.552,0,1-.447,1-1s-.448-1-1-1h-6C2.243,0,0,2.243,0,5v14c0,2.757,2.243,5,5,5h14c2.757,0,5-2.243,5-5v-6c0-.553-.447-1-1-1ZM5,2h3v7.9l-6,3.199V5c0-1.654,1.346-3,3-3Zm-3,17v-3.633l6.817-3.636,5.362,5.362-3.679,4.906h-5.5c-1.654,0-3-1.346-3-3Zm17,3h-6l3-4h6v1c0,1.654-1.346,3-3,3Zm-2.549-10.811c.564.553,1.307.829,2.049.828.742,0,1.484-.275,2.049-.828l1.84-1.801c1.039-1.038,1.611-2.419,1.611-3.889s-.572-2.851-1.611-3.889c-1.039-1.039-2.42-1.611-3.889-1.611s-2.851.572-3.889,1.611c-1.039,1.038-1.611,2.419-1.611,3.889s.572,2.851,1.619,3.896l1.832,1.793Zm-.426-8.164c.661-.661,1.539-1.025,2.475-1.025s1.813.364,2.475,1.025,1.025,1.54,1.025,2.475-.364,1.813-1.018,2.467l-1.832,1.793c-.359.35-.941.352-1.301,0l-1.824-1.785c-.661-.661-1.025-1.54-1.025-2.475s.364-1.813,1.025-2.475Zm.974,2.469c0-.828.672-1.5,1.5-1.5s1.5.672,1.5,1.5-.672,1.5-1.5,1.5-1.5-.672-1.5-1.5Z\"><\/path><\/svg>\t\t\t\t<\/a>\n\t\t\t<\/div>\n\t\t\t\n\t\t\t\t\t\t<div class=\"elementor-icon-box-content\">\n\n\t\t\t\t\t\t\t\t\t<div class=\"elementor-icon-box-title\">\n\t\t\t\t\t\t<a href=\"tel:+385%2098%20931%201379\" >\n\t\t\t\t\t\t\tZagreb, Zagreba\u010dka cesta 76b\t\t\t\t\t\t<\/a>\n\t\t\t\t\t<\/div>\n\t\t\t\t\n\t\t\t\t\t\t\t\t\t<p class=\"elementor-icon-box-description\">\n\t\t\t\t\t\tSjedi\u0161te\t\t\t\t\t<\/p>\n\t\t\t\t\n\t\t\t<\/div>\n\t\t\t\n\t\t<\/div>\n\t\t\t\t\t\t<\/div>\n\t\t\t\t\t<\/div>\n\t\t\t\t<\/div>\n\t\t<div class=\"elementor-element elementor-element-00f50a3 e-flex e-con-boxed e-con e-parent\" data-id=\"00f50a3\" data-element_type=\"container\" data-e-type=\"container\" data-settings=\"{&quot;wcf_enable_cursor_hover_effect_text&quot;:&quot;View&quot;,&quot;wcf-animation&quot;:&quot;none&quot;,&quot;aae_enable_header_sticky_area&quot;:&quot;no&quot;,&quot;wcf_enable_horizontal_scroll&quot;:&quot;no&quot;}\">\n\t\t\t\t\t<div class=\"e-con-inner\">\n\t\t<div class=\"elementor-element elementor-element-50f7534 e-con-full e-flex e-con e-child\" data-id=\"50f7534\" data-element_type=\"container\" data-e-type=\"container\" data-settings=\"{&quot;wcf_enable_cursor_hover_effect_text&quot;:&quot;View&quot;,&quot;wcf-animation&quot;:&quot;none&quot;,&quot;aae_enable_header_sticky_area&quot;:&quot;no&quot;,&quot;wcf_enable_horizontal_scroll&quot;:&quot;no&quot;}\">\n\t\t\t\t<div class=\"elementor-element elementor-element-67735ff wcf-t-animation-none elementor-widget elementor-widget-heading\" data-id=\"67735ff\" data-element_type=\"widget\" data-e-type=\"widget\" data-settings=\"{&quot;wcf_text_animation&quot;:&quot;none&quot;,&quot;wcf-animation&quot;:&quot;none&quot;}\" data-widget_type=\"heading.default\">\n\t\t\t\t\t<h2 class=\"elementor-heading-title elementor-size-default\">Za sva pitanja, pravne savjete ili dogovor oko zastupanja slobodno nas kontaktirajte.<\/h2>\t\t\t\t<\/div>\n\t\t\t\t<div class=\"elementor-element elementor-element-a9752e9 wcf-t-animation-none elementor-widget elementor-widget-text-editor\" data-id=\"a9752e9\" data-element_type=\"widget\" data-e-type=\"widget\" data-settings=\"{&quot;wcf_text_animation&quot;:&quot;none&quot;,&quot;wcf-animation&quot;:&quot;none&quot;}\" data-widget_type=\"text-editor.default\">\n\t\t\t\t\t\t\t\t\t<p>Kontaktirati nas mo\u017eete <strong data-start=\"233\" data-end=\"282\">telefonom, e-mailom ili putem kontakt obrasca<\/strong>, a po potrebi je mogu\u0107e dogovoriti i osobni sastanak u uredu. Svakom upitu pristupamo povjerljivo i profesionalno.<\/p>\t\t\t\t\t\t\t\t<\/div>\n\t\t\t\t<\/div>\n\t\t<div class=\"elementor-element elementor-element-e6c90b1 e-con-full e-flex e-con e-child\" data-id=\"e6c90b1\" data-element_type=\"container\" data-e-type=\"container\" data-settings=\"{&quot;wcf_enable_cursor_hover_effect_text&quot;:&quot;View&quot;,&quot;wcf-animation&quot;:&quot;none&quot;,&quot;aae_enable_header_sticky_area&quot;:&quot;no&quot;,&quot;wcf_enable_horizontal_scroll&quot;:&quot;no&quot;}\">\n\t\t\t\t<div class=\"elementor-element elementor-element-e4f3a76 fluentform-widget-submit-button-full-width fluent-form-widget-step-header-yes fluent-form-widget-step-progressbar-yes elementor-widget elementor-widget-fluent-form-widget\" data-id=\"e4f3a76\" data-element_type=\"widget\" data-e-type=\"widget\" data-settings=\"{&quot;wcf-animation&quot;:&quot;none&quot;}\" data-widget_type=\"fluent-form-widget.default\">\n\t\t\t\t<div class=\"elementor-widget-container\">\n\t\t\t\t\t\n            <div class=\"fluentform-widget-wrapper fluentform-widget-align-default\">\n\n            \n            <div class='fluentform ff-default fluentform_wrapper_3 ffs_default_wrap'><form data-form_id=\"3\" id=\"fluentform_3\" class=\"frm-fluent-form fluent_form_3 ff-el-form-top ff_form_instance_3_1 ff-form-loading ffs_default\" data-form_instance=\"ff_form_instance_3_1\" method=\"POST\" ><fieldset  style=\"border: none!important;margin: 0!important;padding: 0!important;background-color: transparent!important;box-shadow: none!important;outline: none!important; min-inline-size: 100%;\">\n                    <legend class=\"ff_screen_reader_title\" style=\"display: block; margin: 0!important;padding: 0!important;height: 0!important;text-indent: -999999px;width: 0!important;overflow:hidden;\">Kontakt<\/legend><input type='hidden' name='__fluent_form_embded_post_id' value='19' \/><input type=\"hidden\" id=\"_fluentform_3_fluentformnonce\" name=\"_fluentform_3_fluentformnonce\" value=\"57d392ba70\" \/><input type=\"hidden\" name=\"_wp_http_referer\" value=\"\/index.php\/wp-json\/wp\/v2\/pages\/19\" \/><div data-type=\"name-element\" data-name=\"names\" class=\" ff-field_container ff-name-field-wrapper\" ><div class='ff-t-container'><div class='ff-t-cell '><div class='ff-el-group ff-el-form-top'><div class=\"ff-el-input--label ff-el-is-required asterisk-right\"><label for='ff_3_names_first_name_' id='label_ff_3_names_first_name_' >Va\u0161e ime<\/label><\/div><div class='ff-el-input--content'><input type=\"text\" name=\"names[first_name]\" id=\"ff_3_names_first_name_\" class=\"ff-el-form-control\" placeholder=\"Va\u0161e ime\" aria-invalid=\"false\" aria-required=true><\/div><\/div><\/div><div class='ff-t-cell '><div class='ff-el-group ff-el-form-top'><div class=\"ff-el-input--label asterisk-right\"><label for='ff_3_names_last_name_' id='label_ff_3_names_last_name_' >Va\u0161e prezime<\/label><\/div><div class='ff-el-input--content'><input type=\"text\" name=\"names[last_name]\" id=\"ff_3_names_last_name_\" class=\"ff-el-form-control\" placeholder=\"Va\u0161e prezime\" aria-invalid=\"false\" aria-required=false><\/div><\/div><\/div><\/div><\/div><div data-name=\"ff_cn_id_1\"  class='ff-t-container ff-column-container ff_columns_total_2 '><div class='ff-t-cell ff-t-column-1' style='flex-basis: 50%;'><div class='ff-el-group'><div class=\"ff-el-input--label ff-el-is-required asterisk-right\"><label for='ff_3_email' id='label_ff_3_email' aria-label=\"Kontakt email\">Kontakt email<\/label><\/div><div class='ff-el-input--content'><input type=\"email\" name=\"email\" id=\"ff_3_email\" class=\"ff-el-form-control\" placeholder=\"E-mail\" data-name=\"email\"  aria-invalid=\"false\" aria-required=true><\/div><\/div><\/div><div class='ff-t-cell ff-t-column-2' style='flex-basis: 50%;'><div class='ff-el-group'><div class=\"ff-el-input--label ff-el-is-required asterisk-right\"><label for='ff_3_phone' id='label_ff_3_phone' aria-label=\"Kontakt telefon (nije obavezno)\">Kontakt telefon (nije obavezno)<\/label><\/div><div class='ff-el-input--content'><input name=\"phone\" class=\"ff-el-form-control ff-el-phone\" type=\"tel\" placeholder=\"Upi\u0161ite broj\" data-name=\"phone\" id=\"ff_3_phone\" inputmode=\"tel\"  aria-invalid='false' aria-required=true><\/div><\/div><\/div><\/div><div class='ff-el-group'><div class=\"ff-el-input--label ff-el-is-required asterisk-right\"><label for='ff_3_input_text' id='label_ff_3_input_text' aria-label=\"Predmet upita\">Predmet upita<\/label><\/div><div class='ff-el-input--content'><input type=\"text\" name=\"input_text\" class=\"ff-el-form-control\" placeholder=\"Predmet upita\" data-name=\"input_text\" id=\"ff_3_input_text\"  aria-invalid=\"false\" aria-required=true><\/div><\/div><div class='ff-el-group'><div class=\"ff-el-input--label ff-el-is-required asterisk-right\"><label for='ff_3_description' id='label_ff_3_description' aria-label=\"Va\u0161 upit\">Va\u0161 upit<\/label><\/div><div class='ff-el-input--content'><textarea aria-required=\"true\" aria-labelledby=\"label_ff_3_description\" name=\"description\" id=\"ff_3_description\" class=\"ff-el-form-control\" placeholder=\"Upi\u0161ite va\u0161 upit\" rows=\"3\" cols=\"2\" data-name=\"description\" ><\/textarea><\/div><\/div><div class='ff-el-group ff-text-left ff_submit_btn_wrapper'><button type=\"submit\" class=\"ff-btn ff-btn-submit ff-btn-md ff_btn_style\"  aria-label=\"Po\u0161aljite upit\">Po\u0161aljite upit<\/button><\/div><\/fieldset><\/form><div id='fluentform_3_errors' class='ff-errors-in-stack ff_form_instance_3_1 ff-form-loading_errors ff_form_instance_3_1_errors'><\/div><\/div>            <script type=\"text\/javascript\">\n                window.fluent_form_ff_form_instance_3_1 = {\"id\":\"3\",\"settings\":{\"layout\":{\"labelPlacement\":\"top\",\"asteriskPlacement\":\"asterisk-right\",\"helpMessagePlacement\":\"with_label\",\"errorMessagePlacement\":\"inline\",\"cssClassName\":\"\"},\"restrictions\":{\"denyEmptySubmission\":{\"enabled\":false}}},\"form_instance\":\"ff_form_instance_3_1\",\"form_id_selector\":\"fluentform_3\",\"rules\":{\"names[first_name]\":{\"required\":{\"value\":true,\"message\":\"This field is required\",\"global_message\":\"This field is required\",\"global\":true}},\"names[middle_name]\":{\"required\":{\"value\":false,\"message\":\"This field is required\",\"global_message\":\"This field is required\",\"global\":true}},\"names[last_name]\":{\"required\":{\"value\":false,\"message\":\"This field is required\",\"global_message\":\"This field is required\",\"global\":true}},\"email\":{\"required\":{\"value\":true,\"message\":\"This field is required\",\"global_message\":\"This field is required\",\"global\":true},\"email\":{\"value\":true,\"message\":\"This field must contain a valid email\",\"global_message\":\"This field must contain a valid email\",\"global\":true}},\"phone\":{\"required\":{\"value\":true,\"global\":true,\"message\":\"This field is required\",\"global_message\":\"This field is required\"},\"valid_phone_number\":{\"value\":false,\"global\":true,\"message\":\"Phone number is not valid\",\"global_message\":\"Phone number is not valid\"}},\"input_text\":{\"required\":{\"value\":true,\"message\":\"This field is required\",\"global_message\":\"This field is required\",\"global\":true}},\"description\":{\"required\":{\"value\":true,\"message\":\"This field is required\",\"global_message\":\"This field is required\",\"global\":true}}},\"debounce_time\":300};\n                            <\/script>\n                        <\/div>\n\n            \t\t\t\t<\/div>\n\t\t\t\t<\/div>\n\t\t\t\t<\/div>\n\t\t\t\t\t<\/div>\n\t\t\t\t<\/div>\n\t\t<div class=\"elementor-element elementor-element-e4b04ca e-flex e-con-boxed e-con e-parent\" data-id=\"e4b04ca\" data-element_type=\"container\" data-e-type=\"container\" data-settings=\"{&quot;wcf_enable_cursor_hover_effect_text&quot;:&quot;View&quot;,&quot;wcf-animation&quot;:&quot;none&quot;,&quot;aae_enable_header_sticky_area&quot;:&quot;no&quot;,&quot;wcf_enable_horizontal_scroll&quot;:&quot;no&quot;}\">\n\t\t\t\t\t<div class=\"e-con-inner\">\n\t\t\t\t<div class=\"elementor-element elementor-element-e1e6932 elementor-widget elementor-widget-google_maps\" data-id=\"e1e6932\" data-element_type=\"widget\" data-e-type=\"widget\" data-settings=\"{&quot;wcf-animation&quot;:&quot;none&quot;}\" data-widget_type=\"google_maps.default\">\n\t\t\t\t\t\t\t<div class=\"elementor-custom-embed\">\n\t\t\t<iframe loading=\"lazy\"\n\t\t\t\t\tsrc=\"https:\/\/maps.google.com\/maps?q=Karlovac%2C%20Jurja%20Kri%C5%BEani%C4%87a%206&#038;t=m&#038;z=13&#038;output=embed&#038;iwloc=near\"\n\t\t\t\t\ttitle=\"Karlovac, Jurja Kri\u017eani\u0107a 6\"\n\t\t\t\t\taria-label=\"Karlovac, Jurja Kri\u017eani\u0107a 6\"\n\t\t\t><\/iframe>\n\t\t<\/div>\n\t\t\t\t\t\t<\/div>\n\t\t\t\t\t<\/div>\n\t\t\t\t<\/div>\n\t\t\t\t<\/div>\n\t\t","protected":false},"excerpt":{"rendered":"<p>mirelafrlan@yahoo.com Kontakt email +385 98 931 1379 Kontakt telefon Karlovac, Jurja Kri\u017eani\u0107a 6 Pisarnica Zagreb, Zagreba\u010dka cesta 76b Sjedi\u0161te Za sva pitanja, pravne savjete ili dogovor oko zastupanja slobodno nas kontaktirajte. Kontaktirati nas mo\u017eete telefonom, e-mailom ili putem kontakt obrasca, a po potrebi je mogu\u0107e dogovoriti i osobni sastanak u uredu. Svakom upitu pristupamo povjerljivo [&hellip;]<\/p>\n","protected":false},"author":1,"featured_media":0,"parent":0,"menu_order":0,"comment_status":"closed","ping_status":"closed","template":"","meta":{"footnotes":""},"class_list":["post-19","page","type-page","status-publish","hentry"],"_links":{"self":[{"href":"https:\/\/badovinac-odvjetnica.hr\/index.php\/wp-json\/wp\/v2\/pages\/19","targetHints":{"allow":["GET"]}}],"collection":[{"href":"https:\/\/badovinac-odvjetnica.hr\/index.php\/wp-json\/wp\/v2\/pages"}],"about":[{"href":"https:\/\/badovinac-odvjetnica.hr\/index.php\/wp-json\/wp\/v2\/types\/page"}],"author":[{"embeddable":true,"href":"https:\/\/badovinac-odvjetnica.hr\/index.php\/wp-json\/wp\/v2\/users\/1"}],"replies":[{"embeddable":true,"href":"https:\/\/badovinac-odvjetnica.hr\/index.php\/wp-json\/wp\/v2\/comments?post=19"}],"version-history":[{"count":19,"href":"https:\/\/badovinac-odvjetnica.hr\/index.php\/wp-json\/wp\/v2\/pages\/19\/revisions"}],"predecessor-version":[{"id":339,"href":"https:\/\/badovinac-odvjetnica.hr\/index.php\/wp-json\/wp\/v2\/pages\/19\/revisions\/339"}],"wp:attachment":[{"href":"https:\/\/badovinac-odvjetnica.hr\/index.php\/wp-json\/wp\/v2\/media?parent=19"}],"curies":[{"name":"wp","href":"https:\/\/api.w.org\/{rel}","templated":true}]}}